{"id":88,"date":"2018-07-24T15:08:43","date_gmt":"2018-07-24T13:08:43","guid":{"rendered":"http:\/\/linea-formation.ch\/?page_id=88"},"modified":"2025-10-23T14:37:25","modified_gmt":"2025-10-23T12:37:25","slug":"assistant-e-de-vie-enfants","status":"publish","type":"page","link":"https:\/\/linea-formation.ch\/en\/medical-health-social\/childcare-assistant\/","title":{"rendered":"Formation garde d&rsquo;enfants \u00e0 domicile Gen\u00e8ve et Lausanne"},"content":{"rendered":"<p><span style=\"color: #cc3333;\"><strong>PURPOSE OF THE TRAINING<\/strong><\/span><\/p>\n<p>Demand from families for home-based childminders is growing all over Switzerland. To best meet the needs of each family, each parent and each child, the candidate must have the necessary baggage to carry out all the tasks assigned to him or her. This is also known as babysitting, but today the sector has become professional.<\/p>\n<p>La formation de garde d\u2019enfants \u00e0 domicile \u00e0 Lausanne et \u00e0 Gen\u00e8ve propos\u00e9e par Lin\u00e9a Formation vise \u00e0 pr\u00e9parer les futurs professionnels \u00e0 accompagner les enfants dans leur quotidien, avec bienveillance, s\u00e9curit\u00e9 et professionnalisme. Vous y apprendrez \u00e0 g\u00e9rer les diff\u00e9rentes situations de la vie courante, \u00e0 comprendre les besoins sp\u00e9cifiques des enfants selon leur \u00e2ge et \u00e0 instaurer une relation de confiance avec les parents.<\/p>\n<p><span style=\"color: #cc3333;\"><strong>THE JOB :<\/strong><\/span><\/p>\n<p>Home childminding involves looking after children in their own home, in their own family environment. The duties of a home childminder can vary depending on the family's needs:<\/p>\n<ul>\n<li>Ensuring the child's safety in all circumstances.<\/li>\n<li>Helping children with their daily activities (eating, washing, dressing, etc.)<\/li>\n<li>Offering fun and educational activities adapted to the child's age.<\/li>\n<li>Accompany the child on outings (park, extra-curricular activities, etc.)<\/li>\n<li>Travelling to and from the nursery or day nursery, if necessary.<\/li>\n<li>Ensuring the hygiene and cleanliness of the child's environment.<\/li>\n<li>Communicating with parents about the child's day.<\/li>\n<\/ul>\n<p>Working as a home childminder requires specific skills and qualities if you want to look after children safely and effectively:<\/p>\n<p><strong>Skills required in the home childcare profession :\u00a0<\/strong><\/p>\n<ul>\n<li>Skills in behavioural analysis of children<\/li>\n<li>Teaching skills to offer age-appropriate activities<\/li>\n<li>First aid skills<\/li>\n<li>Knowledge of health and safety rules<\/li>\n<li>Ability to communicate effectively with parents<\/li>\n<li>Knowledge of computerised planning management tools<\/li>\n<\/ul>\n<h3><span style=\"font-size: 12pt;\"><strong>The qualities of a home childminder :\u00a0<\/strong><\/span><\/h3>\n<ul>\n<li>Patience and gentleness to support children at every stage of their daily lives<\/li>\n<li>Firmness in enforcing health and safety rules<\/li>\n<li>Organisation and planning to manage the child's daily activities<\/li>\n<li>Discretion and respect for family privacy<\/li>\n<li>The ability to listen and empathise in order to understand the needs of the child and the family<\/li>\n<\/ul>\n<p>Cette formation de garde d\u2019enfants \u00e0 domicile que ce soit \u00e0 Gen\u00e8ve, Lausanne ou ailleurs en Suisse, pr\u00e9pare les participants \u00e0 exercer un r\u00f4le essentiel aupr\u00e8s des familles, en d\u00e9veloppant \u00e0 la fois leurs comp\u00e9tences pratiques, relationnelles et p\u00e9dagogiques.<\/p>","protected":false},"excerpt":{"rendered":"<p>The job involves actively looking after children under the age of 10 in the home, with or without the employer being present. The aim of childminding is to accompany the child through all the stages of daily life. In this way, you play a part in the child's development and early learning. This requires a high degree of autonomy in the organisation of your work, while complying with the parents' instructions.<\/p>","protected":false},"author":4,"featured_media":55,"parent":61,"menu_order":0,"comment_status":"closed","ping_status":"closed","template":"les-formations.php","meta":{"footnotes":""},"acf":[],"_links":{"self":[{"href":"https:\/\/linea-formation.ch\/en\/wp-json\/wp\/v2\/pages\/88"}],"collection":[{"href":"https:\/\/linea-formation.ch\/en\/wp-json\/wp\/v2\/pages"}],"about":[{"href":"https:\/\/linea-formation.ch\/en\/wp-json\/wp\/v2\/types\/page"}],"author":[{"embeddable":true,"href":"https:\/\/linea-formation.ch\/en\/wp-json\/wp\/v2\/users\/4"}],"replies":[{"embeddable":true,"href":"https:\/\/linea-formation.ch\/en\/wp-json\/wp\/v2\/comments?post=88"}],"version-history":[{"count":62,"href":"https:\/\/linea-formation.ch\/en\/wp-json\/wp\/v2\/pages\/88\/revisions"}],"predecessor-version":[{"id":1857,"href":"https:\/\/linea-formation.ch\/en\/wp-json\/wp\/v2\/pages\/88\/revisions\/1857"}],"up":[{"embeddable":true,"href":"https:\/\/linea-formation.ch\/en\/wp-json\/wp\/v2\/pages\/61"}],"wp:featuredmedia":[{"embeddable":true,"href":"https:\/\/linea-formation.ch\/en\/wp-json\/wp\/v2\/media\/55"}],"wp:attachment":[{"href":"https:\/\/linea-formation.ch\/en\/wp-json\/wp\/v2\/media?parent=88"}],"curies":[{"name":"wp","href":"https:\/\/api.w.org\/{rel}","templated":true}]}}