{"id":820,"date":"2021-12-13T09:20:17","date_gmt":"2021-12-13T08:20:17","guid":{"rendered":"https:\/\/linea-formation.ch\/?page_id=820"},"modified":"2026-03-25T12:34:22","modified_gmt":"2026-03-25T11:34:22","slug":"formation-dhotesse-de-lair-e-steward","status":"publish","type":"page","link":"https:\/\/linea-formation.ch\/en\/aerial\/air-hostess-and-steward-training\/","title":{"rendered":"Training to become a flight attendant"},"content":{"rendered":"<h2><span style=\"color: #ff0000; font-size: 12pt;\"><b>Centre des m\u00e9tiers a\u00e9riens \u00e0 Gen\u00e8ve : Your path to a career as a flight attendant<\/b><\/span><\/h2>\n<p><span style=\"font-weight: 400;\">You want to become a flight attendant <\/span><span style=\"font-weight: 400;\">in Geneva near Lausanne and <\/span><span style=\"font-weight: 400;\">Do you have the ambition to fly for the most prestigious airlines? Our partner Linea Crew Academy offers a 4-week training programme to help you realise your dream. <\/span><span style=\"font-weight: 400;\">With our flight attendant training course, you'll be able to <\/span><span style=\"font-weight: 400;\">obtain the CCA (Cabin crew attestation), a diploma governed by European Commission Regulation no. 290\/2012 of 30 March 2012.\u00a0<\/span><\/p>\n<p><span style=\"font-weight: 400;\">This certificate will enable you to work for any airline offering a European employment contract (Swiss, Air, Easyjet, Transavia, Air France, Wizz Air, Iberia, Brussels Airlines, Ryanair, Vueling, Volotea, etc.). This certificate is also very popular with Gulf airlines (Saudi Arabian Airlines, Emirates, Qatar Airways, etc.).<\/span><\/p>\n<h2><strong><span style=\"color: #ff0000; font-size: 12pt;\">The job of air hostess or steward in Geneva and Lausanne :<\/span><\/strong><\/h2>\n<p style=\"text-align: left;\">Cabin crew ensure the safety, security, comfort and well-being of passengers. They ensure compliance with the company's procedures. They also ensure the comfort and quality of service provided to customers throughout the flight. They implement the airline's commercial relationship with its customers and cabin service.<br \/>\nWhen cabin crew are not alone on board, they work as part of a team made up of flight attendants, under the responsibility of pursers and\/or senior pursers delegated by the captain. Flight attendants<br \/>\nrepresent the company on board. Other job titles: hostess, steward, cabin crew member, etc.<\/p>\n<h2><span style=\"font-size: 12pt; color: #ff0000;\">What are the prerequisites for becoming a flight attendant at our centre for aviation professions in Geneva, near Lausanne? <\/span><\/h2>\n<p style=\"margin: 0cm;\">To apply to our Aviation Career Centre and start a career in aviation, you need to meet certain criteria. You must be at least 18 years old, with no upper age limit. In addition, you must be a national of a European country, with a valid passport or residence permit for foreigners in good standing. It is also essential to be able to swim, a crucial skill given the emergencies that can arise in this sector. In addition, you must not have any visible tattoos, scars or piercings, in line with aviation industry standards. Finally, good communication skills in English are required, as English is the predominant language in international aviation. If you meet these criteria, you can look forward to an exciting career and contribute to the world of aviation.<\/p>\n<h2><span style=\"color: #ff0000; font-size: 12pt;\">Regulations :\u00a0<\/span><\/h2>\n<p>If you want to become a flight attendant in Europe, you must obtain the European CCA diploma (Cabin Crew Attestation). This diploma can be issued by a state or an organisation accredited by a European state.<\/p>\n<h2><span style=\"color: #ff0000; font-size: 12pt;\"><b>Rhythm and methodology of <\/b><b>our training centre for flight attendants in Geneva<\/b><b> :<\/b><\/span><\/h2>\n<p>La formation CCA se d\u00e9roule en 3 semaines (examens officiels inclus).<\/p>\n<p><strong data-start=\"96\" data-end=\"137\">Cours en pr\u00e9sentiel \u2013 S\u00e9curit\u00e9 \u2013 Semaines 1 et 2<\/strong><br data-start=\"137\" data-end=\"140\" \/>Formation en pr\u00e9sentiel dispens\u00e9e sur les deux premi\u00e8res semaines, alternant cours th\u00e9oriques en salle selon des m\u00e9thodes p\u00e9dagogiques classiques et exercices pratiques.<br data-start=\"309\" data-end=\"312\" \/>Les enseignements th\u00e9oriques portent notamment sur la s\u00e9curit\u00e9, la gestion des passagers, la r\u00e9glementation a\u00e9ronautique, les aspects m\u00e9dicaux et les premiers secours.<br data-start=\"479\" data-end=\"482\" \/>La formation est compl\u00e9t\u00e9e par des mises en pratique : entra\u00eenement en piscine, exercices de survie et ateliers pratiques adapt\u00e9s aux exigences du secteur a\u00e9rien.<br \/>\n<strong data-start=\"152\" data-end=\"219\">Coaching en pr\u00e9sentiel \u2013 Communication et savoir-\u00eatre \u2013 Semaine 3<\/strong><br data-start=\"219\" data-end=\"222\" \/>Animation par un responsable recrutement et coach en image d\u2019une grande compagnie a\u00e9rienne.<br data-start=\"313\" data-end=\"316\" \/>Accompagnement intensif des candidats ax\u00e9 sur la communication professionnelle, le savoir-\u00eatre et la posture attendue lors des processus de s\u00e9lection.<br data-start=\"466\" data-end=\"469\" \/>Pr\u00e9paration sp\u00e9cifique aux entretiens de recrutement des compagnies a\u00e9riennes : attitude, image professionnelle, expression orale, gestion du stress et mise en situation r\u00e9elle sur trois journ\u00e9es compl\u00e8tes.<\/p>\n<p><strong><span style=\"color: #ff0000;\">Training objectives : <\/span><\/strong><\/p>\n<p>- Train students to carry out all tasks relating to the safety, security, comfort and well-being of passengers on board aircraft.<br \/>\n- Preparing for the CCA (Cabin Crew Attestation) exam.<\/p>\n<p><span style=\"font-weight: 400;\">Our school therefore offers an exceptional opportunity for those aspiring to become a flight attendant near Lausanne. This centre for aviation professions in Geneva stands out for its unwavering commitment to the success of its students.\u00a0<\/span><\/p>\n<p><span style=\"font-weight: 400;\">Les professeurs sont pr\u00e9sents pour guider, soutenir et former chaque \u00e9tudiant, les pr\u00e9parant ainsi de mani\u00e8re exceptionnelle pour une carri\u00e8re passionnante dans le domaine de l&rsquo;aviation. Avec leur expertise et leur d\u00e9vouement, les \u00e9tudiants peuvent \u00eatre assur\u00e9s qu&rsquo;ils sont entre de bonnes mains tout au long de leur parcours de formation. Lin\u00e9a Formation est v\u00e9ritablement un tremplin vers un avenir prometteur dans l&rsquo;industrie a\u00e9rienne.<\/span><\/p>","protected":false},"excerpt":{"rendered":"<p>Would you like to become a flight attendant in Geneva, near Lausanne, and have the ambition to fly for the most prestigious airlines? Our partner Linea Crew Academy offers a 4-week training programme to help you realise your dream. <\/p>","protected":false},"author":4,"featured_media":1120,"parent":67,"menu_order":0,"comment_status":"closed","ping_status":"closed","template":"les-formations.php","meta":{"footnotes":""},"acf":[],"_links":{"self":[{"href":"https:\/\/linea-formation.ch\/en\/wp-json\/wp\/v2\/pages\/820"}],"collection":[{"href":"https:\/\/linea-formation.ch\/en\/wp-json\/wp\/v2\/pages"}],"about":[{"href":"https:\/\/linea-formation.ch\/en\/wp-json\/wp\/v2\/types\/page"}],"author":[{"embeddable":true,"href":"https:\/\/linea-formation.ch\/en\/wp-json\/wp\/v2\/users\/4"}],"replies":[{"embeddable":true,"href":"https:\/\/linea-formation.ch\/en\/wp-json\/wp\/v2\/comments?post=820"}],"version-history":[{"count":45,"href":"https:\/\/linea-formation.ch\/en\/wp-json\/wp\/v2\/pages\/820\/revisions"}],"predecessor-version":[{"id":1898,"href":"https:\/\/linea-formation.ch\/en\/wp-json\/wp\/v2\/pages\/820\/revisions\/1898"}],"up":[{"embeddable":true,"href":"https:\/\/linea-formation.ch\/en\/wp-json\/wp\/v2\/pages\/67"}],"wp:featuredmedia":[{"embeddable":true,"href":"https:\/\/linea-formation.ch\/en\/wp-json\/wp\/v2\/media\/1120"}],"wp:attachment":[{"href":"https:\/\/linea-formation.ch\/en\/wp-json\/wp\/v2\/media?parent=820"}],"curies":[{"name":"wp","href":"https:\/\/api.w.org\/{rel}","templated":true}]}}