{"id":279,"date":"2018-08-06T16:23:06","date_gmt":"2018-08-06T14:23:06","guid":{"rendered":"http:\/\/linea-formation.ch\/?page_id=279"},"modified":"2026-04-28T10:44:44","modified_gmt":"2026-04-28T08:44:44","slug":"auxiliaire-en-soins","status":"publish","type":"page","link":"https:\/\/linea-formation.ch\/en\/medical-health-social\/care-assistant\/","title":{"rendered":"Formation aide soignante Gen\u00e8ve : Obtenez votre dipl\u00f4me d&rsquo;aide soignant-e dispens\u00e9 en pr\u00e9sentiel"},"content":{"rendered":"<h2><span style=\"color: #ff0000; font-size: 14pt;\">Description<\/span><\/h2>\n<p style=\"text-align: justify;\"><span style=\"font-weight: 400;\">Take part in our personal care and support assistant training course in Geneva, just 1 hour from Lausanne, and obtain your care assistant diploma. Our course is specially designed for those who aspire to make a positive contribution to the lives of people who are elderly, ill or in need of special support, by providing them with basic care in a variety of settings such as nursing homes, hospitals or at home.<\/span><\/p>\n<p><span style=\"font-weight: 400;\">As a care assistant, you will apply professional techniques for the well-being of patients, under the careful supervision of nursing staff. Our programme places a strong emphasis on the practice and theory of hygiene, comfort care and psychosocial support, without interfering in medical diagnosis or treatment.<\/span><\/p>\n<p><span style=\"font-weight: 400;\">Our nursing auxiliary training in Geneva is packed with practical and theoretical modules, enabling you to acquire the skills you need to care for patients empathically and effectively. Practical placements, which are an integral part of our training programme, give you the opportunity to apply your knowledge and prepare you to enter the professional world with valuable experience.<\/span><\/p>\n<p><span style=\"font-weight: 400;\">Becoming a care assistant (also known as a \"nursing auxiliary\") <\/span><span style=\"font-weight: 400;\">asks to face the challenges of the healthcare sector with professionalism and humanity. If you are motivated by a desire to help others and are considering a career in personal care, our programme could be the ideal springboard for you.<\/span><\/p>\n<h2><span style=\"color: #ff0000;\"><span style=\"font-size: 14pt;\">Quels sont les objectifs de la formation d\u2019aide en soins \u00e0 la personne et accompagnement \u00e0 Gen\u00e8ve ?<\/span> <\/span><\/h2>\n<ol>\n<li style=\"text-align: justify;\">Acquiring or improving the knowledge and\/or professional skills of paramedical staff with the aim of improving the quality and safety of care.<\/li>\n<li style=\"text-align: justify;\">Carry out basic patient care under delegation from nursing staff<\/li>\n<li style=\"text-align: justify;\">Providing a presence and support for patients losing their independence and becoming dependent on others<\/li>\n<li style=\"text-align: justify;\">Understanding and knowing the characteristics of the elderly person<\/li>\n<li style=\"text-align: justify;\">Adopting a professional approach and posture for working in the medico-social field<\/li>\n<\/ol>\n<p style=\"text-align: justify;\"><span style=\"font-weight: 400;\">On completion of our training as a care and support assistant <\/span><span style=\"font-weight: 400;\">to become a care assistant<\/span><span style=\"font-weight: 400;\"> in Geneva (near Lausanne), trainees obtain their nursing auxiliary diploma, giving them the professional skills needed to work with the elderly as a nursing auxiliary.<\/span><\/p>\n<h2><span style=\"color: #ff0000; font-size: 14pt;\">Contents:\u00a0<\/span><\/h2>\n<p><strong>A. Partie Th\u00e9orique (120 heures)<\/strong><\/p>\n<ul>\n<li>R\u00f4le de l&rsquo;auxiliaire de soins<\/li>\n<li>Connaissance sur le vieillissement normal et pathologique de la personne \u00e2g\u00e9e<\/li>\n<li>Accompagnement et soins de la personne \u00e2g\u00e9e<\/li>\n<li>Accompagnement dans les actes essentiels du quotidien<\/li>\n<li>Participation in the implementation of the individualised project<\/li>\n<li>Communication et savoir-\u00eatre professionnel<\/li>\n<li>Etc&#8230;<\/li>\n<\/ul>\n<p><strong>B. Travail pratique en groupe chez Ortra sant\u00e9 social sur 2 jours (16 heures)<\/strong><\/p>\n<p><strong>C. M\u00e9moire et expos\u00e9 (26 heures)<\/strong><\/p>\n<p><strong>D. Stage pratique professionnel dans une structure de soins (160 heures)<\/strong><\/p>\n<p><span style=\"font-weight: 400;\">The nursing auxiliary diploma (aide soignante \/ auxiliaire en soins) <\/span><span style=\"font-weight: 400;\">in Geneva near Lausanne<\/span><span style=\"font-weight: 400;\"> is issued if :<\/span><\/p>\n<ul>\n<li style=\"text-align: justify;\"><span style=\"color: #000000;\">All the work has been completed, in particular the memory work carried out and presented.<\/span><\/li>\n<li style=\"text-align: justify;\"><span style=\"color: #000000;\">All modules were completed with at least 80% of attendance<\/span><\/li>\n<li style=\"text-align: justify;\">The final exam has been completed and the overall average must be equal to or higher than 4 out of 6.<\/li>\n<\/ul>\n<p>&nbsp;<\/p>","protected":false},"excerpt":{"rendered":"<p>Take part in our personal care and support assistant training course in Geneva, just 1 hour from Lausanne, and obtain your care assistant diploma. Our course is specially designed for those who aspire to make a positive contribution to the lives of people who are elderly, ill or in need of special support, by providing them with basic care in a variety of settings such as nursing homes, hospitals or at home.<\/p>","protected":false},"author":4,"featured_media":54,"parent":61,"menu_order":1,"comment_status":"closed","ping_status":"closed","template":"les-formations.php","meta":{"footnotes":""},"acf":[],"_links":{"self":[{"href":"https:\/\/linea-formation.ch\/en\/wp-json\/wp\/v2\/pages\/279"}],"collection":[{"href":"https:\/\/linea-formation.ch\/en\/wp-json\/wp\/v2\/pages"}],"about":[{"href":"https:\/\/linea-formation.ch\/en\/wp-json\/wp\/v2\/types\/page"}],"author":[{"embeddable":true,"href":"https:\/\/linea-formation.ch\/en\/wp-json\/wp\/v2\/users\/4"}],"replies":[{"embeddable":true,"href":"https:\/\/linea-formation.ch\/en\/wp-json\/wp\/v2\/comments?post=279"}],"version-history":[{"count":179,"href":"https:\/\/linea-formation.ch\/en\/wp-json\/wp\/v2\/pages\/279\/revisions"}],"predecessor-version":[{"id":1900,"href":"https:\/\/linea-formation.ch\/en\/wp-json\/wp\/v2\/pages\/279\/revisions\/1900"}],"up":[{"embeddable":true,"href":"https:\/\/linea-formation.ch\/en\/wp-json\/wp\/v2\/pages\/61"}],"wp:featuredmedia":[{"embeddable":true,"href":"https:\/\/linea-formation.ch\/en\/wp-json\/wp\/v2\/media\/54"}],"wp:attachment":[{"href":"https:\/\/linea-formation.ch\/en\/wp-json\/wp\/v2\/media?parent=279"}],"curies":[{"name":"wp","href":"https:\/\/api.w.org\/{rel}","templated":true}]}}