{"id":153,"date":"2018-08-01T13:52:53","date_gmt":"2018-08-01T11:52:53","guid":{"rendered":"http:\/\/linea-formation.ch\/?page_id=153"},"modified":"2026-03-25T12:33:10","modified_gmt":"2026-03-25T11:33:10","slug":"aide-medicalk","status":"publish","type":"page","link":"https:\/\/linea-formation.ch\/en\/medical-health-social\/aide-medicalk\/","title":{"rendered":"Formation secr\u00e9taire m\u00e9dical-e \u00e0 Gen\u00e8ve et Lausanne"},"content":{"rendered":"<h2><span style=\"color: #cc3333;\"><strong><span style=\"color: #ff0000; font-size: 14pt;\">Description<\/span><br \/>\n<\/strong><\/span><\/h2>\n<p><span style=\"font-weight: 400;\">Are you looking for a medical secretary course in Lausanne or Geneva that is also available as a distance learning course? Our programme prepares you to assist doctors, managers and staff in the medical sector with the relational and administrative management of a medical secretariat. You will learn to listen to, guide and reassure patients, including in delicate situations, while respecting professional confidentiality. Mastery of medical terminology and rigour in following up cases will be at the heart of your training.<\/span><\/p>\n<p><span style=\"font-weight: 400;\">As part of our training to become a medical secretary in Geneva (near Lausanne), you will be required to add to or acquire new skills such as organisational skills, interpersonal skills, the ability to listen and the ability to adapt. These are essential if you are to successfully complete all the tasks entrusted to you. <\/span><span style=\"font-weight: 400;\">at the end of this training<\/span><span style=\"font-weight: 400;\">.<\/span><\/p>\n<p><span style=\"font-weight: 400;\">Medical secretary training is very often associated with women. At Lin\u00e9a Formation, you can take our medical secretary training course in Geneva, Lausanne or by distance learning if you are a man.\u00a0<\/span><\/p>\n<p><span style=\"font-weight: 400;\">Register now for our medical secretary training course in Lausanne, Geneva or by distance learning, and give your career in the medical sector a new boost. <\/span><span style=\"font-weight: 400;\">Find out more about our training courses such as <\/span><a href=\"https:\/\/linea-formation.ch\/en\/aerial\/formation-dassitant-e-administratif-ve-et-dacceuil\/\"><span style=\"font-weight: 400;\">flight attendant training<\/span><\/a><span style=\"font-weight: 400;\"> or the <\/span><a href=\"https:\/\/linea-formation.ch\/en\/medical-health-social\/care-assistant\/\"><span style=\"font-weight: 400;\">training in care and support<\/span><\/a><span style=\"font-weight: 400;\">.<\/span><\/p>\n<h2><strong><span style=\"color: #ff0000; font-size: 14pt;\">Objective of the medical secretary training course :<\/span><\/strong><\/h2>\n<ul>\n<li>Acquire the necessary skills and perfect the professional techniques required for the relational and administrative management of a medical secretariat.<\/li>\n<li>Learn medical terminology<\/li>\n<li>Understanding the specific characteristics of the sector (organisation, structure, funding system and ethics)<\/li>\n<li>Understand the characteristics of health insurance and tariff structures<\/li>\n<\/ul>\n<p>The diploma awarded enables you to work for :<\/p>\n<ul>\n<li>Doctors' surgeries<\/li>\n<li>Care facilities<\/li>\n<li>Private clinic<\/li>\n<li>Paramedical practices<\/li>\n<li>Hospital<\/li>\n<li>EMS<\/li>\n<\/ul>\n<p><span style=\"font-weight: 400;\">The aim of our medical secretary training course in Lausanne, Geneva and via distance learning is to prepare you to manage a medical secretariat effectively by developing your administrative and interpersonal skills. You will master medical terminology and be able to greet patients in a professional manner.<\/span><\/p>\n<h2><span style=\"font-size: 14pt;\"><strong><span style=\"color: #ff0000;\">Main tasks:<\/span><\/strong><\/span><\/h2>\n<ul>\n<li>Welcoming patients (face-to-face and by telephone)<\/li>\n<li>Scheduling consultations (making appointments)<\/li>\n<li>Managing medical records (typing, filing, etc.)<\/li>\n<li>Relations with medical, technical and hospital services<\/li>\n<\/ul>\n<h2><span style=\"font-size: 14pt;\"><strong><span style=\"color: #ff0000;\">Content of the training programme<\/span><\/strong><\/span><\/h2>\n<p><img fetchpriority=\"high\" decoding=\"async\" class=\"alignleft wp-image-1228\" src=\"https:\/\/linea-formation.ch\/wp-content\/uploads\/2024\/11\/pexels-tessy-agbonome-521343232-19177038-200x300.jpg\" alt=\"medical secretary training geneva\" width=\"210\" height=\"315\" srcset=\"https:\/\/linea-formation.ch\/wp-content\/uploads\/2024\/11\/pexels-tessy-agbonome-521343232-19177038-200x300.jpg 200w, https:\/\/linea-formation.ch\/wp-content\/uploads\/2024\/11\/pexels-tessy-agbonome-521343232-19177038-683x1024.jpg 683w, https:\/\/linea-formation.ch\/wp-content\/uploads\/2024\/11\/pexels-tessy-agbonome-521343232-19177038-768x1152.jpg 768w, https:\/\/linea-formation.ch\/wp-content\/uploads\/2024\/11\/pexels-tessy-agbonome-521343232-19177038-1024x1536.jpg 1024w, https:\/\/linea-formation.ch\/wp-content\/uploads\/2024\/11\/pexels-tessy-agbonome-521343232-19177038-1365x2048.jpg 1365w, https:\/\/linea-formation.ch\/wp-content\/uploads\/2024\/11\/pexels-tessy-agbonome-521343232-19177038-scaled.jpg 1707w\" sizes=\"(max-width: 210px) 100vw, 210px\" \/><strong>Module 1 &gt; Medical Culture &amp; Health<\/strong><\/p>\n<ul style=\"list-style-type: circle;\">\n<li>Knowledge of the medical environment<\/li>\n<li>Learning to take notes<\/li>\n<li>Swiss medical legislation<\/li>\n<li>Understanding of spelling and medical vocabulary<\/li>\n<li>Medical terminology<\/li>\n<li>Anatomy<\/li>\n<li>Pharmacology<\/li>\n<li>Pathologies<\/li>\n<li>Applying and complying with hygiene rules<\/li>\n<\/ul>\n<p>&nbsp;<\/p>\n<p>&nbsp;<\/p>\n<ul style=\"list-style-type: circle;\">\n<li><strong>Module 2 &gt; Breakdown of medical costs between the various healthcare players<\/strong><\/li>\n<li>Fee management<\/li>\n<li>Monitoring cash receipts<\/li>\n<li>Billing<\/li>\n<li>Understanding the pricing system<\/li>\n<\/ul>\n<p>&nbsp;<\/p>\n<ul style=\"list-style-type: circle;\">\n<li><strong>Module 3 &gt; French<\/strong><\/li>\n<\/ul>\n<p>&nbsp;<\/p>\n<ul style=\"list-style-type: circle;\">\n<li><strong>Module 4 &gt; Administrative management techniques for the practice or healthcare department<\/strong><\/li>\n<li>Techniques for organising and managing a medical practice<\/li>\n<li><em>Administrative and office methods (time management, planning, creating, filing and archiving letters and patient files, organising an event, passing on information)<\/em><\/li>\n<\/ul>\n<p>&nbsp;<\/p>\n<ul style=\"list-style-type: circle;\">\n<li><strong>Module 5 &gt; Patient administration<\/strong><\/li>\n<li>Patient administration <em>(creating and managing medical records, managing medical forms, managing hospitalisation and additional examinations)<\/em><\/li>\n<\/ul>\n<p>&nbsp;<\/p>\n<ul style=\"list-style-type: circle;\">\n<li><strong>Module 6 &gt; Welcoming and informing patients<\/strong><\/li>\n<li>Written and oral communication in the medical practice<\/li>\n<li>Providing information and explanations to patients <em>(details or locations of prescriptions or additional tests, organisation of visits and consultations, management of calls and specific requests from patients; explanation of how medical expenses are covered)<\/em><\/li>\n<\/ul>\n<p>&nbsp;<\/p>\n<ul style=\"list-style-type: circle;\">\n<li><strong>Module 7 &gt; Dissertation and presentation on the medical secretary profession<\/strong><\/li>\n<\/ul>\n<p>&nbsp;<\/p>\n<ul style=\"list-style-type: circle;\">\n<li><strong>Module 8 &gt; Professional immersion in a medical facility (optional)<\/strong><\/li>\n<li>Doctor's surgery<\/li>\n<li>Hospital<\/li>\n<li>Private clinic<\/li>\n<li>Paramedical practices<\/li>\n<\/ul>\n<p><img decoding=\"async\" class=\"alignnone wp-image-1256\" src=\"https:\/\/linea-formation.ch\/wp-content\/uploads\/2024\/12\/photo-secretaire-medicale-300x200.jpg\" alt=\"\" width=\"872\" height=\"581\" srcset=\"https:\/\/linea-formation.ch\/wp-content\/uploads\/2024\/12\/photo-secretaire-medicale-300x200.jpg 300w, https:\/\/linea-formation.ch\/wp-content\/uploads\/2024\/12\/photo-secretaire-medicale-768x512.jpg 768w, https:\/\/linea-formation.ch\/wp-content\/uploads\/2024\/12\/photo-secretaire-medicale-1024x682.jpg 1024w, https:\/\/linea-formation.ch\/wp-content\/uploads\/2024\/12\/photo-secretaire-medicale-1536x1024.jpg 1536w, https:\/\/linea-formation.ch\/wp-content\/uploads\/2024\/12\/photo-secretaire-medicale.jpg 2000w\" sizes=\"(max-width: 872px) 100vw, 872px\" \/><\/p>","protected":false},"excerpt":{"rendered":"<p>The Medical Secretary diploma enables you to work as a medical secretary (in a doctor's surgery, care establishment, clinic, etc.). The job of Medical Secretary requires a wide range of skills. As a general rule, you will be responsible for the overall administrative management of the user, as well as managing the internal secretariat.<\/p>","protected":false},"author":4,"featured_media":520,"parent":61,"menu_order":0,"comment_status":"closed","ping_status":"closed","template":"les-formations.php","meta":{"footnotes":""},"acf":[],"_links":{"self":[{"href":"https:\/\/linea-formation.ch\/en\/wp-json\/wp\/v2\/pages\/153"}],"collection":[{"href":"https:\/\/linea-formation.ch\/en\/wp-json\/wp\/v2\/pages"}],"about":[{"href":"https:\/\/linea-formation.ch\/en\/wp-json\/wp\/v2\/types\/page"}],"author":[{"embeddable":true,"href":"https:\/\/linea-formation.ch\/en\/wp-json\/wp\/v2\/users\/4"}],"replies":[{"embeddable":true,"href":"https:\/\/linea-formation.ch\/en\/wp-json\/wp\/v2\/comments?post=153"}],"version-history":[{"count":58,"href":"https:\/\/linea-formation.ch\/en\/wp-json\/wp\/v2\/pages\/153\/revisions"}],"predecessor-version":[{"id":1897,"href":"https:\/\/linea-formation.ch\/en\/wp-json\/wp\/v2\/pages\/153\/revisions\/1897"}],"up":[{"embeddable":true,"href":"https:\/\/linea-formation.ch\/en\/wp-json\/wp\/v2\/pages\/61"}],"wp:featuredmedia":[{"embeddable":true,"href":"https:\/\/linea-formation.ch\/en\/wp-json\/wp\/v2\/media\/520"}],"wp:attachment":[{"href":"https:\/\/linea-formation.ch\/en\/wp-json\/wp\/v2\/media?parent=153"}],"curies":[{"name":"wp","href":"https:\/\/api.w.org\/{rel}","templated":true}]}}