{"id":100,"date":"2018-07-24T17:07:59","date_gmt":"2018-07-24T15:07:59","guid":{"rendered":"http:\/\/linea-formation.ch\/?page_id=100"},"modified":"2025-05-14T13:31:55","modified_gmt":"2025-05-14T11:31:55","slug":"mentions-legales","status":"publish","type":"page","link":"https:\/\/linea-formation.ch\/en\/legal-information\/","title":{"rendered":"Legal information - General terms and conditions - Privacy policy"},"content":{"rendered":"<p><strong><span style=\"font-size: 24pt;\">Legal information<\/span><\/strong><\/p>\n<p><span style=\"font-size: 14pt;\"><strong>Privacy policy<\/strong><\/span><\/p>\n<p>Linea Formation dont le si\u00e8ge est \u00e0 Rue de Lausanne 82, 1202 Gen\u00e8ve, informe les utilisateurs du site internet https:\/\/www.linea-formation.ch, ainsi que ses clients, par la pr\u00e9sente politique de confidentialit\u00e9, des traitements de donn\u00e9es qu\u2019elle r\u00e9alise en tant que responsable de traitement.<\/p>\n<p><strong>En produisant des effets sur le territoire Suisse, Linea Formation se conforme \u00e0 la Loi f\u00e9d\u00e9rale sur la protection des donn\u00e9es du 25 septembre 2020.\u00a0<\/strong><\/p>\n<p><span style=\"font-size: 14pt;\"><strong>Presentation of the website<\/strong><\/span><\/p>\n<p>Nous informons les utilisateurs du site<br \/>\ninternet www.linea-formation.ch des renseignements suivants :<\/p>\n<p>Linea Formation is a limited liability company (SARL) with its registered office at rue de<br \/>\nLausanne 82, 1202 Geneva (Switzerland), with a share capital of CHF 20,000.00 and registered in the Swiss Commercial Register.<br \/>\nentered in the Geneva Commercial Register under number CHE 162.666.697.<br \/>\nSon adresse \u00e9lectronique est : lineagroup@bluewin.ch<br \/>\nSon num\u00e9ro de t\u00e9l\u00e9phone est le : 022 562 42 66<br \/>\nWebsite creator: Elephant, 5 rue Roosevelt 90000 Belfort (France)<\/p>\n<p><span style=\"font-size: 14pt;\"><strong>Website hosting<\/strong><\/span><\/p>\n<p>The www.linea-formation.ch website is hosted by :<br \/>\nOVH SAS (RCS Lille M\u00e9tropole 424 761 419 00045)<br \/>\nRegistered office address: 2 rue Kellermann 59100 Roubaix (France)<\/p>\n<p><strong><span style=\"font-size: 14pt;\">Intellectual property<\/span><\/strong><\/p>\n<p>Sauf d\u00e9rogation par autorisation \u00e9crite du<br \/>\nowner, any reproduction or use, even partial, of any of its contents is strictly prohibited.<br \/>\n(text, images, videos, etc.), is prohibited and liable to prosecution.<\/p>\n<p><strong><span style=\"font-size: 14pt;\">Hypertext links<\/span><\/strong><\/p>\n<p>Like most websites, the www.linea-formation.ch site uses links.<br \/>\nhypertext links to partner sites or other sources of information.<\/p>\n<p>However, the owner of www.linea-formation.ch is not in a position to<br \/>\ncheck the content of these sites. It cannot therefore be held liable in this respect.<br \/>\nto any failure by these external sites to comply with the legislation in force.<br \/>\nconsequences of any nature whatsoever.<\/p>\n<p><strong><span style=\"font-size: 14pt;\">Cookies<\/span><\/strong><\/p>\n<p>Lorsque vous consultez notre site internet, des donn\u00e9es peuvent \u00eatre stock\u00e9es dans votre navigateur ou r\u00e9cup\u00e9r\u00e9es \u00e0 partir de celui-ci, g\u00e9n\u00e9ralement sous la forme de cookies. Ces informations peuvent porter sur vous, sur vos pr\u00e9f\u00e9rences ou sur votre appareil et sont principalement utilis\u00e9es pour s&rsquo;assurer que le site internet fonctionne correctement.<\/p>\n<p><span style=\"font-size: 14pt;\"><strong>Terms and conditions of use<\/strong><\/span><\/p>\n<p>The www.linea-formation.com website has been designed and is operated in compliance with the<br \/>\nSwiss legislation with the aim of providing information on the business of<br \/>\nthe company. This information is provided for information purposes only and may be updated and amended from time to time.<br \/>\nmodified at any time without the owner being held responsible.<br \/>\nIt will not be held liable for any errors or omissions on its part or on the part of its partners.<\/p>\n<p><strong><span style=\"font-size: 14pt;\">Protecting property and people<\/span><\/strong><\/p>\n<p>Lorsque vous proc\u00e9dez\u00a0 \u00e0 votre (pr\u00e9)-inscription,\u00a0 vous signez nos conditions g\u00e9n\u00e9rales d\u2019inscription qui comprennent un accord de traitement des donn\u00e9es personnelles. Les informations recueillies sont destin\u00e9es \u00e0 une utilisation dans le cadre de notre\u00a0 activit\u00e9 de formation professionnelle. Elles sont conserv\u00e9es durant 10 ans, \u00e0 partir de la fin de la formation.<\/p>\n<p><span style=\"font-size: 14pt;\"><strong>Management of users' personal data<\/strong><\/span><\/p>\n<p>Linea Formation prend tr\u00e8s au s\u00e9rieux la protection de vos donn\u00e9es personnelles. Nous traitons vos donn\u00e9es personnelles de mani\u00e8re confidentielle et conform\u00e9ment aux dispositions l\u00e9gales en mati\u00e8re de protection des donn\u00e9es et \u00e0 la pr\u00e9sente d\u00e9claration. L&rsquo;utilisation de notre site Internet est possible sans fournir de donn\u00e9es personnelles. Dans la mesure o\u00f9 des donn\u00e9es personnelles (par exemple le nom, l&rsquo;adresse ou l&rsquo;adresse e-mail) sont collect\u00e9es sur notre site afin de vous permettre de b\u00e9n\u00e9ficier d\u2019un renseignement ou d\u2019une inscription, cela se fait toujours sur une base volontaire.<\/p>\n<p>Nous traitons les donn\u00e9es personnelles conform\u00e9ment au droit suisse de la protection des donn\u00e9es, en particulier la loi f\u00e9d\u00e9rale sur la protection des donn\u00e9es (LPD).<\/p>\n<p><span style=\"font-size: 14pt;\"><strong>Applicable legislation and competent courts<\/strong><\/span><\/p>\n<p>This website is governed by Swiss law, subject to the following conditions<br \/>\npresented above. In the event of a dispute, the courts of Geneva shall have exclusive jurisdiction.<br \/>\ncompetent.<\/p>\n<p>&nbsp;<\/p>\n<p>&nbsp;<\/p>\n<p>&nbsp;<\/p>\n<p><strong><span style=\"font-size: 24pt;\">GENERAL TERMS AND CONDITIONS OF SALE<\/span><\/strong><\/p>\n<p>Linea Formation reserves the right to modify or update its website at any time.<br \/>\ngeneral terms and conditions of sale at any time. The general terms and conditions applicable to<br \/>\napplicable to the training contract are as follows<br \/>\nthose available at www.linea-formation.ch.<\/p>\n<p><strong><span style=\"font-size: 14pt;\">Article 1 - GENERAL<\/span><\/strong><br \/>\nThe trainee's enrolment in a training course provided by Linea Formation is constituted by<br \/>\nthe following legal entity :<br \/>\nLinea Formation<br \/>\nLimited liability company with capital of CHF 20,000<br \/>\nWith registered office at: rue de Lausanne 82, 1202 Geneva<br \/>\nGeneva Trade Register number: CHE 162.666.697.<br \/>\nOrganisation not subject to VAT<br \/>\nTelephone number: 078 883 75 70<br \/>\nEmail address: contact@linea-formation.ch<br \/>\nimplies acceptance of these general terms and conditions. No special provision may be made,<br \/>\nunless formally accepted in writing by Linea Formation, prevail over these conditions.<br \/>\nterms and conditions. Information contained in the catalogue and website, descriptions and prices<br \/>\nare given for information purposes only and may be modified by Linea Formation at any time.<br \/>\ntout moment et sans pr\u00e9avis en raison des conditions \u00e9conomiques.<\/p>\n<p><span style=\"font-size: 14pt;\"><strong>Article 2 - REGISTRATION - PAYMENT<\/strong><\/span><br \/>\nLes inscriptions sont enregistr\u00e9es par ordre d&rsquo;arriv\u00e9e des demandes d\u2019inscriptions dans la limite des<br \/>\nplaces available. The course can be paid for by bank transfer or in cash. The entire course<br \/>\nmust be paid at the latest when the diploma is awarded.<br \/>\nIf the course is cancelled :<br \/>\n\uf0b7 more than 21 days before the start of the course, fees will be refunded in full.<br \/>\n\uf0b7 between 20 and 10 days before the start of the course, an amount corresponding to 50%<br \/>\nof the course fee will be payable.<br \/>\n\uf0b7 to 10 days before the start of the course, the tuition fee will be payable in full and will not be subject to any additional charges.<br \/>\nany refund.<br \/>\nIn the event of absence from the Course, late arrival, partial attendance, withdrawal or termination of the Course<br \/>\nIn the event of early termination for any reason other than duly recognised force majeure, the trainee will owe<br \/>\nof the full amount of the Training Course.<\/p>\n<p><span style=\"font-size: 14pt;\"><strong>Article 3 - HOW TRAINING IS CARRIED OUT<\/strong><\/span><br \/>\nLinea Formation is free to use the teaching methods and tools of its choice, which will<br \/>\nare within its sole competence. It has a best endeavours obligation towards the trainee. The<br \/>\nLinea Formation carries out its Training in accordance with the laws and regulations in force and the<br \/>\nrules of the trade.<br \/>\nLinea Formation is free to use independent trainers and other sub-trainers.<br \/>\nof its choice.<\/p>\n<p><strong><span style=\"font-size: 14pt;\">Article 4 - GUARANTEE<\/span><\/strong><br \/>\nLinea Formation's sole obligation under the terms of this agreement is to provide the following services<br \/>\ncourses corresponding to the planned training course, with no obligation as to the results obtained in terms of<br \/>\nknowledge of participants.<\/p>\n<p><span style=\"font-size: 14pt;\"><strong>Article 5 - CANCELLATIONS<\/strong><\/span><br \/>\nLinea Formation reserves the right to cancel or postpone a Training session, in particular if<br \/>\nwhen the number of trainees is deemed to be pedagogically inappropriate. It must<br \/>\nuse its best endeavours to inform you before the date initially scheduled for the completion of the<br \/>\nFormation. In the event of cancellation, Linea Formation will not be liable to pay any compensation.<br \/>\nof any kind. Linea Formation and the trainee will agree on a new date.<br \/>\nof Training. Linea Formation reserves the right to replace a defaulting trainer by<br \/>\nanother person with equivalent technical skills<\/p>\n<p><span style=\"font-size: 14pt;\"><strong>Article 6 - GENERAL BEHAVIOUR<\/strong><\/span><br \/>\n6.1. The trainee undertakes to work towards success.<br \/>\nThe management reserves the right to temporarily or permanently lay off any trainee.<br \/>\nwithout any compensation or notice, for lack of seriousness in his work, under the following conditions<br \/>\nafter defined : The trainee undertakes to adhere strictly to the timetable. The most<br \/>\nA high level of attendance is required from trainees.<br \/>\nTrainees are reminded that regular attendance at training sessions is essential to their success.<br \/>\nto take full advantage of the teaching provided. Any absence may result in<br \/>\nfailure to sit the certification tests at the end of the course.<br \/>\nTrainees are also prohibited from :<br \/>\n\uf0b7 use the services provided for illegal purposes,<br \/>\n\uf0b7 to make commercial use of the information, services and content provided,<br \/>\n\uf0b7 to disseminate educational content and related activities to the public,<br \/>\n\uf0b7 to behave in a disrespectful manner towards all of the company's employees.<br \/>\nLinea Formation, other students within the tools or workspaces<br \/>\navailable regardless of the method of communication used (telephone,<br \/>\nsocial networks, virtual classrooms...),<br \/>\n\uf0b7 to distribute personal details (e-mail addresses, postal addresses, etc.),<br \/>\ntelephone numbers...),<br \/>\n\uf0b7 to engage in fraud and plagiarism during tests, reports and supervision<br \/>\ncontinuous,<br \/>\n\uf0b7 to falsify documents of any kind,<br \/>\n\uf0b7 use of mobile phones or any other audio or video equipment during the<br \/>\ncertification tests.<\/p>\n<p><strong>Students should also be aware of the following points:<\/strong><br \/>\n\uf0b7 The equipment made available to trainees is their responsibility. They must ensure that<br \/>\nand to use it in the conditions defined by the instructors. Any failure<br \/>\nserious infringement of this rule, resulting in even minor damage to the equipment, will be deemed to have been<br \/>\nas the student's responsibility.<br \/>\n\uf0b7 It is forbidden to write on walls and furniture, or to damage equipment or premises.<br \/>\n\uf0b7 Any theft of equipment or other items belonging to the school will result in exclusion.<br \/>\nfrom the establishment without any compensation or refund.<br \/>\n\uf0b7 Unrest and unauthorised gatherings are prohibited.<br \/>\n\uf0b7 It is strictly forbidden to bring in or consume narcotic or psychotropic substances.<br \/>\nalcoholic beverages in or around the establishment.<br \/>\n6.2. In the event of failure to comply with the above obligations<br \/>\nLinea Formation reserves the right to impose the following penalties on the applicant<br \/>\ntrainee, depending on the seriousness of the misconduct:<br \/>\n\uf0b7 a warning;<br \/>\n\uf0b7 a one-week lay-off;<br \/>\n\uf0b7 permanent exclusion without compensation with immediate effect.<\/p>\n<p><span style=\"font-size: 14pt;\"><strong>Article 7 - DISPUTES<\/strong><\/span><br \/>\nIn the event of disagreement over the interpretation or performance of these General Terms and Conditions, the Customer shall<br \/>\nand Linea Formation will attempt to settle the dispute amicably. In the absence of an amicable agreement, they will submit<br \/>\nthe dispute to the Commercial Court of GENEVA.<\/p>\n<p><span style=\"font-size: 14pt;\"><strong>Article 8 - Data retention policy<\/strong><\/span><br \/>\nThe platform retains your data for as long as is necessary to provide you with its services. On<br \/>\nto the extent reasonably necessary or required to satisfy any legal obligation or<br \/>\ndisputes, prevent fraud and abuse, or enforce our terms and conditions.<br \/>\nUnder certain conditions, we may also retain some of your information if necessary.<\/p>\n<p>&nbsp;<\/p>\n<p><strong><span style=\"font-size: 24pt;\">Privacy policy<\/span><\/strong><\/p>\n<p><strong>Linea Formation se conforme \u00e0 la Loi f\u00e9d\u00e9rale sur la protection des donn\u00e9es du 25 septembre 2020<\/strong><\/p>\n<h2>Who are we?<\/h2>\n<p>L\u2019adresse de notre site Web est\u00a0: http:\/\/linea-formation.ch.<\/p>\n<h2>Use of personal data collected<\/h2>\n<h3>Comments<\/h3>\n<p>When you leave a comment on our website, the data entered in the comment form, your IP address and your browser's user agent are collected to help us detect undesirable comments.<\/p>\n<p>An anonymised string created from your email address (also known as a hash) can be sent to the Gravatar service to check whether you are using it. The Gravatar service's confidentiality clauses are available here: https:\/\/automattic.com\/privacy\/. Once your comment has been validated, your profile photo will be publicly visible next to your comment.<\/p>\n<h3>Media<\/h3>\n<p>If you are a registered user and you upload images to the website, we advise you to avoid uploading images containing EXIF data of GPS coordinates. Visitors to your website can download and extract location data from these images.<\/p>\n<h3>Contact forms<\/h3>\n<h3>Cookies<\/h3>\n<p>If you leave a comment on our site, you will be asked to save your name, email address and website in cookies. This is purely for your convenience, so that you do not have to enter this information if you leave another comment at a later date. These cookies expire after one year.<\/p>\n<p>If you have an account and log on to this site, a temporary cookie will be created to determine whether your browser accepts cookies. It does not contain any personal data and will be deleted automatically when you close your browser.<\/p>\n<p>When you log on, we will set a number of cookies to record your login information and screen preferences. The lifetime of a connection cookie is two days, that of a screen option cookie is one year. If you tick \"Remember me\", your connection cookie will be kept for a fortnight. If you log out of your account, the login cookie will be deleted.<\/p>\n<p>By modifying or publishing an article, an additional cookie will be stored in your browser. This cookie does not contain any personal data. It simply indicates the identifier of the article you have just modified. It expires after one day.<\/p>\n<h3>Embedded content from other sites<\/h3>\n<p>Articles on this site may include embedded content (e.g. videos, images, articles, etc.). Embedded content from other sites behaves in the same way as if the visitor were visiting that other site.<\/p>\n<p>These websites may collect data about you, use cookies, embed third-party tracking tools and track your interactions with this embedded content if you have an account connected to their website.<\/p>\n<h3>Statistics and audience measurement<\/h3>\n<h2>Use and transmission of your personal data<\/h2>\n<h2>Storage periods for your data<\/h2>\n<p>If you leave a comment, the comment and its metadata are kept indefinitely. This allows subsequent comments to be automatically recognised and approved instead of being left in the moderation queue.<\/p>\n<p>For users who register on our site (where possible), we also store the personal data indicated in their profile. All users can view, modify or delete their personal information at any time (with the exception of their user name). Site managers can also view and modify this information.<\/p>\n<h2>The rights you have over your data<\/h2>\n<p>If you have an account or if you have left comments on the site, you may request to receive a file containing all the personal data we hold about you, including that which you have provided to us. You may also request the deletion of your personal data. This does not include data stored for administrative, legal or security purposes.<\/p>\n<h2>Transmission of your personal data<\/h2>\n<p>Visitor comments can be checked using an automated service to detect undesirable comments.<\/p>\n<h3><\/h3>","protected":false},"excerpt":{"rendered":"<p>Mentions l\u00e9gales Politique de confidentialit\u00e9 Linea Formation dont le si\u00e8ge est \u00e0 Rue de Lausanne 82, 1202 Gen\u00e8ve, informe les utilisateurs du site internet https:\/\/www.linea-formation.ch, ainsi que ses clients, par la pr\u00e9sente politique de confidentialit\u00e9, des traitements de donn\u00e9es qu\u2019elle r\u00e9alise en tant que responsable de traitement. En produisant des effets sur le territoire Suisse, Linea Formation se conforme \u00e0 la Loi f\u00e9d\u00e9rale sur la protection des donn\u00e9es du 25 septembre 2020.\u00a0 Pr\u00e9sentation du site internet Nous informons les utilisateurs du site internet www.linea-formation.ch des renseignements suivants : Linea Formation est une Soci\u00e9t\u00e9 \u00e0 responsabilit\u00e9 limit\u00e9e (SARL) sise rue de Lausanne 82, 1202 Gen\u00e8ve (Suisse), au capital social de 20000,00 CHF et inscrite au Registre du Commerce \u00e0 Gen\u00e8ve sous le num\u00e9ro CHE 162.666.697. Son adresse \u00e9lectronique est : lineagroup@bluewin.ch Son num\u00e9ro de t\u00e9l\u00e9phone est le : 022 562 42 66 Cr\u00e9ateur du site internet : Elephant, 5 rue Roosevelt 90000 Belfort (France) H\u00e9bergement du site internet Le site\u00a0www.linea-formation.ch\u00a0est h\u00e9berg\u00e9 par : OVH SAS (RCS\u00a0Lille M\u00e9tropole 424 761 419 00045) Adresse du\u00a0si\u00e8ge social: 2 rue Kellermann 59100 Roubaix (France) Propri\u00e9t\u00e9 intellectuelle Sauf d\u00e9rogation par autorisation \u00e9crite du propri\u00e9taire, toute reproduction ou utilisation m\u00eame partielle de l\u2019un de ses contenus (textes, images, vid\u00e9os, etc.), est interdite et passible de poursuites judiciaires. Liens hypertextes Comme la plupart des sites internet, le site\u00a0www.linea-formation.ch\u00a0utilise des liens hypertextes pointant vers des sites partenaires ou autres sources d\u2019informations. Pour autant, le propri\u00e9taire du site\u00a0www.linea-formation.ch\u00a0n\u2019est pas en mesure de v\u00e9rifier les contenus de ces sites. Sa responsabilit\u00e9 \u00e0 cet \u00e9gard ne saurait donc \u00eatre engag\u00e9e quant au non-respect \u00e9ventuel, par ces sites externes, de la l\u00e9gislation en vigueur et de ses cons\u00e9quences de quelque nature que ce soit. Cookies Lorsque vous consultez notre site internet, des donn\u00e9es peuvent \u00eatre stock\u00e9es dans votre navigateur ou r\u00e9cup\u00e9r\u00e9es \u00e0 partir de celui-ci, g\u00e9n\u00e9ralement sous la forme de cookies. Ces informations peuvent porter sur vous, sur vos pr\u00e9f\u00e9rences ou sur votre appareil et sont principalement utilis\u00e9es pour s&rsquo;assurer que le site internet fonctionne correctement. Conditions d\u2019utilisation Le site\u00a0www.linea-formation.com\u00a0a \u00e9t\u00e9 con\u00e7u et est exploit\u00e9 dans le respect de la l\u00e9gislation Suisse dans le but de proposer des informations sur l\u2019activit\u00e9 de l\u2019entreprise. Ces informations exclusivement indicatives peuvent \u00eatre mises \u00e0 jour et donc modifi\u00e9es \u00e0 tout moment sans que la responsabilit\u00e9 du propri\u00e9taire soit engag\u00e9e pour toute erreur, omission venant de lui-m\u00eame ou de ses partenaires. Protection des biens et des personnes Lorsque vous proc\u00e9dez\u00a0 \u00e0 votre (pr\u00e9)-inscription,\u00a0 vous signez nos conditions g\u00e9n\u00e9rales d\u2019inscription qui comprennent un accord de traitement des donn\u00e9es personnelles. Les informations recueillies sont destin\u00e9es \u00e0 une utilisation dans le cadre de notre\u00a0 activit\u00e9 de formation professionnelle. Elles sont conserv\u00e9es durant 10 ans, \u00e0 partir de la fin de la formation. Gestion des donn\u00e9es personnelles de l\u2019utilisateur Linea Formation prend tr\u00e8s au s\u00e9rieux la protection de vos donn\u00e9es personnelles. Nous traitons vos donn\u00e9es personnelles de mani\u00e8re confidentielle et conform\u00e9ment aux dispositions l\u00e9gales en mati\u00e8re de protection des donn\u00e9es et \u00e0 la pr\u00e9sente d\u00e9claration. L&rsquo;utilisation de notre site Internet est possible sans fournir de donn\u00e9es personnelles. Dans la mesure o\u00f9 des donn\u00e9es personnelles (par exemple le nom, l&rsquo;adresse ou l&rsquo;adresse e-mail) sont collect\u00e9es sur notre site afin de vous permettre de b\u00e9n\u00e9ficier d\u2019un renseignement ou d\u2019une inscription, cela se fait toujours sur une base volontaire. Nous traitons les donn\u00e9es personnelles conform\u00e9ment au droit suisse de la protection des donn\u00e9es, en particulier la loi f\u00e9d\u00e9rale sur la protection des donn\u00e9es (LPD). L\u00e9gislation applicable et tribunaux comp\u00e9tents Le droit Suisse est applicable sur le pr\u00e9sent site Internet selon les conditions g\u00e9n\u00e9rales pr\u00e9sent\u00e9es ci-dessus. En cas de litige, seuls les tribunaux de Gen\u00e8ve sont comp\u00e9tents. &nbsp; &nbsp; &nbsp; CONDITIONS G\u00c9N\u00c9RALES DE VENTE La soci\u00e9t\u00e9 Linea Formation se r\u00e9serve la possibilit\u00e9 de modifier ou mettre \u00e0 jour ses conditions g\u00e9n\u00e9rales de vente \u00e0 tout moment. Les conditions g\u00e9n\u00e9rales applicables au jour de la souscription de l\u2019offre de formation et applicables au contrat de formation sont celles consultables sur le site www.linea-formation.ch. Article 1 \u2013 G\u00c9N\u00c9RALIT\u00c9 L\u2019inscription par le stagiaire \u00e0 une formation dispens\u00e9e par la soci\u00e9t\u00e9 Linea Formation constitu\u00e9 par l\u2019entit\u00e9 juridique suivante\u00a0: Linea Formation SARL au capital de 20000 CHF Dont le si\u00e8ge social est situ\u00e9\u00a0: rue de Lausanne 82, 1202 Gen\u00e8ve Num\u00e9ro d\u2019immatriculation au RC \u00e0 Gen\u00e8ve\u00a0: CHE 162.666.697. Organisme non assujetti \u00e0 la TVA N\u00b0 de t\u00e9l\u00e9phone\u00a0: 078\u00a0883 75 70 Adresse mail\u00a0: contact@linea-formation.ch implique son adh\u00e9sion aux pr\u00e9sentes conditions g\u00e9n\u00e9rales. Aucune disposition particuli\u00e8re, ne peut, sauf acceptation formelle et \u00e9crite de la part de la soci\u00e9t\u00e9 Linea Formation, pr\u00e9valoir sur ces conditions g\u00e9n\u00e9rales. Les renseignements port\u00e9s sur le catalogue et site Internet, descriptifs et tarifs ne sont donn\u00e9s qu\u2019\u00e0 titre indicatif, la soci\u00e9t\u00e9 Linea Formation pouvant \u00eatre amen\u00e9 \u00e0 les modifier \u00e0 tout moment et sans pr\u00e9avis en raison des conditions \u00e9conomiques. Article 2 \u2013 INSCRIPTION &#8211; PAIEMENT Les inscriptions sont enregistr\u00e9es par ordre d&rsquo;arriv\u00e9e des demandes d\u2019inscriptions dans la limite des places disponibles. La formation peut \u00eatre pay\u00e9e par virement ou esp\u00e8ce. La totalit\u00e9 de la formation doit \u00eatre pay\u00e9e au plus tard \u00e0 la remise du dipl\u00f4me. En cas d\u2019annulation de la formation : \uf0b7 \u00e0 plus de 21 jours avant le d\u00e9but de la formation, les frais seront totalement rembours\u00e9s. \uf0b7 entre 20 jours et 10 jours avant le d\u00e9but de la formation, une somme correspondant \u00e0 50% du prix de la formation sera due. \uf0b7 \u00e0 10 jours avant le d\u00e9but de la formation, l\u2019\u00e9colage sera due en totalit\u00e9 et ne fera l\u2019objet d\u2019aucun remboursement. En cas d\u2019absence \u00e0 la Formation, de retard, de participation partielle, d\u2019abandon ou de cessation anticip\u00e9e pour tout autre raison que la force majeure d\u00fbment reconnue, le stagiaire sera redevable de l\u2019int\u00e9gralit\u00e9 du montant de la Formation. Article 3 \u2013 MODALIT\u00c9S DE REALISATION DES FORMATIONS La soci\u00e9t\u00e9 Linea Formation est libre d\u2019utiliser les m\u00e9thodes et outils p\u00e9dagogiques de son choix, qui rel\u00e8vent de sa seule comp\u00e9tence. Il est tenu \u00e0 l\u2019\u00e9gard du stagiaire \u00e0 une obligation de moyen. La soci\u00e9t\u00e9 Linea Formation ex\u00e9cute ses Formations conform\u00e9ment aux lois, r\u00e8glements ainsi qu\u2019aux<\/p>","protected":false},"author":4,"featured_media":0,"parent":0,"menu_order":0,"comment_status":"closed","ping_status":"closed","template":"","meta":{"footnotes":""},"acf":[],"_links":{"self":[{"href":"https:\/\/linea-formation.ch\/en\/wp-json\/wp\/v2\/pages\/100"}],"collection":[{"href":"https:\/\/linea-formation.ch\/en\/wp-json\/wp\/v2\/pages"}],"about":[{"href":"https:\/\/linea-formation.ch\/en\/wp-json\/wp\/v2\/types\/page"}],"author":[{"embeddable":true,"href":"https:\/\/linea-formation.ch\/en\/wp-json\/wp\/v2\/users\/4"}],"replies":[{"embeddable":true,"href":"https:\/\/linea-formation.ch\/en\/wp-json\/wp\/v2\/comments?post=100"}],"version-history":[{"count":8,"href":"https:\/\/linea-formation.ch\/en\/wp-json\/wp\/v2\/pages\/100\/revisions"}],"predecessor-version":[{"id":1801,"href":"https:\/\/linea-formation.ch\/en\/wp-json\/wp\/v2\/pages\/100\/revisions\/1801"}],"wp:attachment":[{"href":"https:\/\/linea-formation.ch\/en\/wp-json\/wp\/v2\/media?parent=100"}],"curies":[{"name":"wp","href":"https:\/\/api.w.org\/{rel}","templated":true}]}}