{"id":88,"date":"2018-07-24T15:08:43","date_gmt":"2018-07-24T13:08:43","guid":{"rendered":"http:\/\/linea-formation.ch\/?page_id=88"},"modified":"2025-10-23T14:37:25","modified_gmt":"2025-10-23T12:37:25","slug":"assistant-e-de-vie-enfants","status":"publish","type":"page","link":"https:\/\/linea-formation.ch\/de\/medizinisch-gesundheitlich-sozial\/kinderbetreuer-in\/","title":{"rendered":"Formation garde d&rsquo;enfants \u00e0 domicile Gen\u00e8ve et Lausanne"},"content":{"rendered":"<p><span style=\"color: #cc3333;\"><strong>BILDUNGSZIEL<\/strong><\/span><\/p>\n<p>Die Nachfrage von Familien nach Kinderbetreuung zu Hause steigt in der ganzen Schweiz. Um den Bed\u00fcrfnissen jeder Familie, jedes Elternteils und jedes Kindes bestm\u00f6glich gerecht zu werden, muss der Bewerber das n\u00f6tige Gep\u00e4ck mitbringen, um alle ihm zugewiesenen Aufgaben erf\u00fcllen zu k\u00f6nnen. Dies wird auch als Babysitting bezeichnet, doch heute ist der Sektor professionell geworden.<\/p>\n<p>La formation de garde d\u2019enfants \u00e0 domicile \u00e0 Lausanne et \u00e0 Gen\u00e8ve propos\u00e9e par Lin\u00e9a Formation vise \u00e0 pr\u00e9parer les futurs professionnels \u00e0 accompagner les enfants dans leur quotidien, avec bienveillance, s\u00e9curit\u00e9 et professionnalisme. Vous y apprendrez \u00e0 g\u00e9rer les diff\u00e9rentes situations de la vie courante, \u00e0 comprendre les besoins sp\u00e9cifiques des enfants selon leur \u00e2ge et \u00e0 instaurer une relation de confiance avec les parents.<\/p>\n<p><span style=\"color: #cc3333;\"><strong>BERUF :<\/strong><\/span><\/p>\n<p>Kinderbetreuung zu Hause ist ein Beruf, der darin besteht, Kinder zu Hause in ihrer famili\u00e4ren Umgebung zu betreuen. Die Aufgaben eines h\u00e4uslichen Kinderbetreuers k\u00f6nnen je nach den Bed\u00fcrfnissen der Familie variieren :<\/p>\n<ul>\n<li>Die Sicherheit des Kindes unter allen Umst\u00e4nden gew\u00e4hrleisten.<\/li>\n<li>Dem Kind bei seinen t\u00e4glichen Aktivit\u00e4ten (Mahlzeiten, Toilettengang, Anziehen usw.) Hilfe leisten<\/li>\n<li>Spiel- und Lernaktivit\u00e4ten anbieten, die dem Alter des Kindes entsprechen.<\/li>\n<li>Begleiten Sie das Kind bei Ausfl\u00fcgen (Park, au\u00dferschulische Aktivit\u00e4ten usw.).<\/li>\n<li>Bei Bedarf die Fahrt nach Hause zur Krippe oder zum Kindergarten sicherstellen.<\/li>\n<li>Auf Hygiene und Sauberkeit in der Umgebung des Kindes achten.<\/li>\n<li>Mit den Eltern \u00fcber den Tagesablauf des Kindes kommunizieren.<\/li>\n<\/ul>\n<p>Der Beruf des h\u00e4uslichen Kinderbetreuers erfordert besondere F\u00e4higkeiten und Qualit\u00e4ten, um Kinder effektiv und sicher betreuen zu k\u00f6nnen:<\/p>\n<p><strong>Die f\u00fcr den Beruf des h\u00e4uslichen Kinderbetreuers erforderlichen F\u00e4higkeiten :\u00a0<\/strong><\/p>\n<ul>\n<li>Kompetenzen in der Verhaltensanalyse von Kindern<\/li>\n<li>P\u00e4dagogische Kompetenzen, um altersgerechte Aktivit\u00e4ten anzubieten<\/li>\n<li>Kompetenzen in Erste-Hilfe-Ma\u00dfnahmen<\/li>\n<li>Kenntnis der Hygiene- und Sicherheitsvorschriften<\/li>\n<li>F\u00e4higkeit, effektiv mit den Eltern zu kommunizieren<\/li>\n<li>Kenntnis von IT-Tools zur Verwaltung von Zeitpl\u00e4nen<\/li>\n<\/ul>\n<h3><span style=\"font-size: 12pt;\"><strong>Die Qualit\u00e4ten eines h\u00e4uslichen Kinderbetreuers :\u00a0<\/strong><\/span><\/h3>\n<ul>\n<li>Geduld und Sanftheit, um das Kind in allen Phasen seines t\u00e4glichen Lebens zu begleiten<\/li>\n<li>Standhaftigkeit bei der Durchsetzung von Sicherheits- und Hygienevorschriften<\/li>\n<li>Organisation und Planung, um die t\u00e4glichen Aktivit\u00e4ten des Kindes zu bew\u00e4ltigen<\/li>\n<li>Diskretion und Respekt vor dem Privatleben der Familie<\/li>\n<li>Sinn f\u00fcr Zuh\u00f6ren und Einf\u00fchlungsverm\u00f6gen, um die Bed\u00fcrfnisse des Kindes und der Familie zu verstehen<\/li>\n<\/ul>\n<p>Cette formation de garde d\u2019enfants \u00e0 domicile que ce soit \u00e0 Gen\u00e8ve, Lausanne ou ailleurs en Suisse, pr\u00e9pare les participants \u00e0 exercer un r\u00f4le essentiel aupr\u00e8s des familles, en d\u00e9veloppant \u00e0 la fois leurs comp\u00e9tences pratiques, relationnelles et p\u00e9dagogiques.<\/p>","protected":false},"excerpt":{"rendered":"<p>Der Beruf besteht in der aktiven h\u00e4uslichen Betreuung von Kindern unter 10 Jahren, wobei der Arbeitgeber anwesend sein kann oder nicht. Die Kinderbetreuung zielt darauf ab, das Kind bei allen Schritten des t\u00e4glichen Lebens zu begleiten. Sie beteiligen sich somit an der Entwicklung und dem Erwachen des Kindes. Dies erfordert eine weitgehende Autonomie bei der Organisation der Arbeit, wobei Sie die Anweisungen der Eltern befolgen m\u00fcssen.<\/p>","protected":false},"author":4,"featured_media":55,"parent":61,"menu_order":0,"comment_status":"closed","ping_status":"closed","template":"les-formations.php","meta":{"footnotes":""},"acf":[],"_links":{"self":[{"href":"https:\/\/linea-formation.ch\/de\/wp-json\/wp\/v2\/pages\/88"}],"collection":[{"href":"https:\/\/linea-formation.ch\/de\/wp-json\/wp\/v2\/pages"}],"about":[{"href":"https:\/\/linea-formation.ch\/de\/wp-json\/wp\/v2\/types\/page"}],"author":[{"embeddable":true,"href":"https:\/\/linea-formation.ch\/de\/wp-json\/wp\/v2\/users\/4"}],"replies":[{"embeddable":true,"href":"https:\/\/linea-formation.ch\/de\/wp-json\/wp\/v2\/comments?post=88"}],"version-history":[{"count":62,"href":"https:\/\/linea-formation.ch\/de\/wp-json\/wp\/v2\/pages\/88\/revisions"}],"predecessor-version":[{"id":1857,"href":"https:\/\/linea-formation.ch\/de\/wp-json\/wp\/v2\/pages\/88\/revisions\/1857"}],"up":[{"embeddable":true,"href":"https:\/\/linea-formation.ch\/de\/wp-json\/wp\/v2\/pages\/61"}],"wp:featuredmedia":[{"embeddable":true,"href":"https:\/\/linea-formation.ch\/de\/wp-json\/wp\/v2\/media\/55"}],"wp:attachment":[{"href":"https:\/\/linea-formation.ch\/de\/wp-json\/wp\/v2\/media?parent=88"}],"curies":[{"name":"wp","href":"https:\/\/api.w.org\/{rel}","templated":true}]}}