{"id":820,"date":"2021-12-13T09:20:17","date_gmt":"2021-12-13T08:20:17","guid":{"rendered":"https:\/\/linea-formation.ch\/?page_id=820"},"modified":"2026-03-25T12:34:22","modified_gmt":"2026-03-25T11:34:22","slug":"formation-dhotesse-de-lair-e-steward","status":"publish","type":"page","link":"https:\/\/linea-formation.ch\/de\/luft\/ausbildung-zum-flugbegleiter-zur-flugbegleiterin\/","title":{"rendered":"Ausbildung zur Flugbegleiter\/in oder zum Steward"},"content":{"rendered":"<h2><span style=\"color: #ff0000; font-size: 12pt;\"><b>Centre des m\u00e9tiers a\u00e9riens in Genf: Ihr Weg zu einer Karriere als Stewardess<\/b><\/span><\/h2>\n<p><span style=\"font-weight: 400;\">Sie m\u00f6chten Flugbegleiterin oder Flugbegleiter werden <\/span><span style=\"font-weight: 400;\">in Genf in der N\u00e4he von Lausanne und <\/span><span style=\"font-weight: 400;\">haben Sie den Ehrgeiz, f\u00fcr die renommiertesten Fluggesellschaften zu fliegen? Unser Partner, die Linea Crew Academy, bietet Ihnen ein vierw\u00f6chiges Trainingsprogramm an, um Sie bei der Verwirklichung Ihres Vorhabens zu unterst\u00fctzen. <\/span><span style=\"font-weight: 400;\">Dank unserer Ausbildung zum Flugbegleiter\/zur Flugbegleiterin werden Sie in der Lage sein <\/span><span style=\"font-weight: 400;\">das CCA (Cabin crew attestation) erwerben, ein Diplom, das durch die europ\u00e4ische Verordnung Nr. 290\/2012 der Kommission vom 30. M\u00e4rz 2012 geregelt ist.\u00a0<\/span><\/p>\n<p><span style=\"font-weight: 400;\">Mit diesem Zertifikat k\u00f6nnen Sie bei jeder Fluggesellschaft arbeiten, die einen europ\u00e4ischen Arbeitsvertrag anbietet (Swiss, Air, Easyjet, Transavia, Air France, Wizz Air, Iberia, Brussels Airlines, Ryanair, Vueling, Volotea...). Dieses Zertifikat ist auch bei den Fluggesellschaften der Golfstaaten sehr beliebt (Saudi Arabian Airlines, Emirates, Qatar Airways...).<\/span><\/p>\n<h2><strong><span style=\"color: #ff0000; font-size: 12pt;\">Der Beruf des Flugbegleiters oder Stewards in Genf und Lausanne :<\/span><\/strong><\/h2>\n<p style=\"text-align: left;\">Der Flugbegleiter (PNC) sorgt f\u00fcr die Sicherheit, die Gefahrenabwehr, den Komfort und das Wohlbefinden der Flugg\u00e4ste. Er achtet darauf, dass die Verfahren der Fluggesellschaft, bei der er arbeitet, eingehalten werden. Sie sorgen auch daf\u00fcr, dass den Kunden w\u00e4hrend des gesamten Fluges Komfort und Servicequalit\u00e4t geboten werden. Sie setzen die Gesch\u00e4ftsbeziehung der Fluggesellschaft zu ihren Kunden und den Service in der Kabine um.<br \/>\nWenn der Flugbegleiter nicht allein an Bord ist, sind seine Eins\u00e4tze in einem Team aus Flugbegleitern und Stewards angesiedelt, die im Auftrag des Flugkapit\u00e4ns den Kabinenchefs und\/oder Hauptkabinenchefs unterstellt sind. Die Stewardessen\/Stewards<br \/>\nrepr\u00e4sentieren das Unternehmen an Bord. Andere Bezeichnungen des Berufs: Stewardess, Steward, Kabinenbesatzungsmitglied...<\/p>\n<h2><span style=\"font-size: 12pt; color: #ff0000;\">Was sind die Voraussetzungen, um Flugbegleiter\/in oder Stewardess in unserem Zentrum f\u00fcr Flugberufe in Genf in der N\u00e4he von Lausanne zu werden? <\/span><\/h2>\n<p style=\"margin: 0cm;\">Um sich bei unserem Air Trade Center zu bewerben und eine Karriere in der Luftfahrt zu beginnen, m\u00fcssen Sie bestimmte Kriterien erf\u00fcllen. Sie m\u00fcssen mindestens 18 Jahre alt sein, wobei es keine Altersgrenze nach oben gibt. Au\u00dferdem m\u00fcssen Sie Staatsangeh\u00f6rige\/r eines europ\u00e4ischen Landes sein und einen g\u00fcltigen Reisepass oder einen g\u00fcltigen Aufenthaltstitel f\u00fcr Ausl\u00e4nder besitzen. Sie m\u00fcssen au\u00dferdem unbedingt schwimmen k\u00f6nnen, was angesichts der m\u00f6glichen Notsituationen in diesem Bereich eine entscheidende F\u00e4higkeit ist. Dar\u00fcber hinaus d\u00fcrfen Sie gem\u00e4\u00df den Standards der Luftfahrtindustrie keine sichtbaren T\u00e4towierungen, Narben oder Piercings haben. Schlie\u00dflich ist eine gute Kommunikation in Englisch erforderlich, da Englisch die vorherrschende Sprache in der internationalen Luftfahrt ist. Wenn Sie diese Kriterien erf\u00fcllen, k\u00f6nnen Sie einer spannenden Karriere entgegensehen und einen Beitrag zur Welt der Luftfahrt leisten.<\/p>\n<h2><span style=\"color: #ff0000; font-size: 12pt;\">Vorschriften :\u00a0<\/span><\/h2>\n<p>Wenn du in Europa Flugbegleiterin oder Flugbegleiter werden m\u00f6chtest, ist es Pflicht, das europ\u00e4ische Diplom CCA, Cabin Crew Attestation, zu erwerben. Dieses Diplom kann von einem Staat oder einer Organisation ausgestellt werden, die von einem europ\u00e4ischen Staat akkreditiert wurde.<\/p>\n<h2><span style=\"color: #ff0000; font-size: 12pt;\"><b>Rhythmus und Methodik von <\/b><b>unser Ausbildungszentrum f\u00fcr Stewards und Stewardessen in Genf<\/b><b> :<\/b><\/span><\/h2>\n<p>La formation CCA se d\u00e9roule en 3 semaines (examens officiels inclus).<\/p>\n<p><strong data-start=\"96\" data-end=\"137\">Cours en pr\u00e9sentiel \u2013 S\u00e9curit\u00e9 \u2013 Semaines 1 et 2<\/strong><br data-start=\"137\" data-end=\"140\" \/>Formation en pr\u00e9sentiel dispens\u00e9e sur les deux premi\u00e8res semaines, alternant cours th\u00e9oriques en salle selon des m\u00e9thodes p\u00e9dagogiques classiques et exercices pratiques.<br data-start=\"309\" data-end=\"312\" \/>Les enseignements th\u00e9oriques portent notamment sur la s\u00e9curit\u00e9, la gestion des passagers, la r\u00e9glementation a\u00e9ronautique, les aspects m\u00e9dicaux et les premiers secours.<br data-start=\"479\" data-end=\"482\" \/>La formation est compl\u00e9t\u00e9e par des mises en pratique : entra\u00eenement en piscine, exercices de survie et ateliers pratiques adapt\u00e9s aux exigences du secteur a\u00e9rien.<br \/>\n<strong data-start=\"152\" data-end=\"219\">Coaching en pr\u00e9sentiel \u2013 Communication et savoir-\u00eatre \u2013 Semaine 3<\/strong><br data-start=\"219\" data-end=\"222\" \/>Animation par un responsable recrutement et coach en image d\u2019une grande compagnie a\u00e9rienne.<br data-start=\"313\" data-end=\"316\" \/>Accompagnement intensif des candidats ax\u00e9 sur la communication professionnelle, le savoir-\u00eatre et la posture attendue lors des processus de s\u00e9lection.<br data-start=\"466\" data-end=\"469\" \/>Pr\u00e9paration sp\u00e9cifique aux entretiens de recrutement des compagnies a\u00e9riennes : attitude, image professionnelle, expression orale, gestion du stress et mise en situation r\u00e9elle sur trois journ\u00e9es compl\u00e8tes.<\/p>\n<p><strong><span style=\"color: #ff0000;\">Lernziele : <\/span><\/strong><\/p>\n<p>- Ausbildung der Sch\u00fclerinnen und Sch\u00fcler zur Aus\u00fcbung aller Aufgaben, die mit der Sicherheit, der Sicherung, dem Komfort und dem Wohlergehen der Flugg\u00e4ste an Bord von Flugzeugen zusammenh\u00e4ngen.<br \/>\n- Vorbereitung auf die CCA-Pr\u00fcfung (Cabin Crew Attestation).<\/p>\n<p><span style=\"font-weight: 400;\">Unsere Schule bietet daher eine au\u00dfergew\u00f6hnliche Gelegenheit f\u00fcr diejenigen, die eine Ausbildung zur Flugbegleiterin oder zum Flugbegleiter in der N\u00e4he von Lausanne anstreben. Dieses Zentrum f\u00fcr Flugberufe in Genf zeichnet sich durch sein unersch\u00fctterliches Engagement f\u00fcr den Erfolg seiner Sch\u00fcler aus.\u00a0<\/span><\/p>\n<p><span style=\"font-weight: 400;\">Les professeurs sont pr\u00e9sents pour guider, soutenir et former chaque \u00e9tudiant, les pr\u00e9parant ainsi de mani\u00e8re exceptionnelle pour une carri\u00e8re passionnante dans le domaine de l&rsquo;aviation. Avec leur expertise et leur d\u00e9vouement, les \u00e9tudiants peuvent \u00eatre assur\u00e9s qu&rsquo;ils sont entre de bonnes mains tout au long de leur parcours de formation. Lin\u00e9a Formation est v\u00e9ritablement un tremplin vers un avenir prometteur dans l&rsquo;industrie a\u00e9rienne.<\/span><\/p>","protected":false},"excerpt":{"rendered":"<p>Sie m\u00f6chten Stewardess oder Flugbegleiter in Genf in der N\u00e4he von Lausanne werden und haben den Ehrgeiz, f\u00fcr die renommiertesten Fluggesellschaften zu fliegen? Unser Partner Linea Crew Academy bietet Ihnen ein vierw\u00f6chiges Ausbildungsprogramm an, das Sie bei der Verwirklichung Ihres Vorhabens unterst\u00fctzt. <\/p>","protected":false},"author":4,"featured_media":1120,"parent":67,"menu_order":0,"comment_status":"closed","ping_status":"closed","template":"les-formations.php","meta":{"footnotes":""},"acf":[],"_links":{"self":[{"href":"https:\/\/linea-formation.ch\/de\/wp-json\/wp\/v2\/pages\/820"}],"collection":[{"href":"https:\/\/linea-formation.ch\/de\/wp-json\/wp\/v2\/pages"}],"about":[{"href":"https:\/\/linea-formation.ch\/de\/wp-json\/wp\/v2\/types\/page"}],"author":[{"embeddable":true,"href":"https:\/\/linea-formation.ch\/de\/wp-json\/wp\/v2\/users\/4"}],"replies":[{"embeddable":true,"href":"https:\/\/linea-formation.ch\/de\/wp-json\/wp\/v2\/comments?post=820"}],"version-history":[{"count":45,"href":"https:\/\/linea-formation.ch\/de\/wp-json\/wp\/v2\/pages\/820\/revisions"}],"predecessor-version":[{"id":1898,"href":"https:\/\/linea-formation.ch\/de\/wp-json\/wp\/v2\/pages\/820\/revisions\/1898"}],"up":[{"embeddable":true,"href":"https:\/\/linea-formation.ch\/de\/wp-json\/wp\/v2\/pages\/67"}],"wp:featuredmedia":[{"embeddable":true,"href":"https:\/\/linea-formation.ch\/de\/wp-json\/wp\/v2\/media\/1120"}],"wp:attachment":[{"href":"https:\/\/linea-formation.ch\/de\/wp-json\/wp\/v2\/media?parent=820"}],"curies":[{"name":"wp","href":"https:\/\/api.w.org\/{rel}","templated":true}]}}