{"id":65,"date":"2018-07-24T12:05:14","date_gmt":"2018-07-24T10:05:14","guid":{"rendered":"http:\/\/linea-formation.ch\/?page_id=65"},"modified":"2025-01-08T07:58:29","modified_gmt":"2025-01-08T06:58:29","slug":"conciergerie-gardiennage","status":"publish","type":"page","link":"https:\/\/linea-formation.ch\/de\/hausmeisterei-bewachung\/","title":{"rendered":"Concierge- und Sicherheitsdienste"},"content":{"rendered":"","protected":false},"excerpt":{"rendered":"<p>Der Hausmeister muss sich um die Anliegen der Bewohner der Wohnanlage k\u00fcmmern, f\u00fcr die er zust\u00e4ndig ist. Seine Hauptaufgabe besteht darin, zur Sicherung der Lebensqualit\u00e4t der Bewohner in ihrer Wohnanlage beizutragen. Er sorgt daf\u00fcr, dass die Hausordnung der Eigent\u00fcmergemeinschaft eingehalten wird.<\/p>","protected":false},"author":4,"featured_media":339,"parent":0,"menu_order":0,"comment_status":"closed","ping_status":"closed","template":"type-de-formations.php","meta":{"footnotes":""},"acf":[],"_links":{"self":[{"href":"https:\/\/linea-formation.ch\/de\/wp-json\/wp\/v2\/pages\/65"}],"collection":[{"href":"https:\/\/linea-formation.ch\/de\/wp-json\/wp\/v2\/pages"}],"about":[{"href":"https:\/\/linea-formation.ch\/de\/wp-json\/wp\/v2\/types\/page"}],"author":[{"embeddable":true,"href":"https:\/\/linea-formation.ch\/de\/wp-json\/wp\/v2\/users\/4"}],"replies":[{"embeddable":true,"href":"https:\/\/linea-formation.ch\/de\/wp-json\/wp\/v2\/comments?post=65"}],"version-history":[{"count":5,"href":"https:\/\/linea-formation.ch\/de\/wp-json\/wp\/v2\/pages\/65\/revisions"}],"predecessor-version":[{"id":1590,"href":"https:\/\/linea-formation.ch\/de\/wp-json\/wp\/v2\/pages\/65\/revisions\/1590"}],"wp:featuredmedia":[{"embeddable":true,"href":"https:\/\/linea-formation.ch\/de\/wp-json\/wp\/v2\/media\/339"}],"wp:attachment":[{"href":"https:\/\/linea-formation.ch\/de\/wp-json\/wp\/v2\/media?parent=65"}],"curies":[{"name":"wp","href":"https:\/\/api.w.org\/{rel}","templated":true}]}}