{"id":467,"date":"2018-09-04T16:16:03","date_gmt":"2018-09-04T14:16:03","guid":{"rendered":"http:\/\/linea-formation.ch\/?page_id=467"},"modified":"2026-03-15T14:25:39","modified_gmt":"2026-03-15T13:25:39","slug":"auxiliaire-de-vie-aupres-des-personnes-agees","status":"publish","type":"page","link":"https:\/\/linea-formation.ch\/de\/medizinisch-gesundheitlich-sozial\/lebenshelferin-bei-alteren-menschen\/","title":{"rendered":"Betreuungskraft f\u00fcr \u00e4ltere Menschen"},"content":{"rendered":"<ul>\n<li><span style=\"color: #ff0000;\"><strong>Beschreibung<\/strong><\/span><\/li>\n<\/ul>\n<div><\/div>\n<div class=\"fig-content__chapo\"><span style=\"font-size: 1rem;\">Lebenshelferinnen und Lebenshelfer stehen im Dienste von Menschen, die ihre Selbstst\u00e4ndigkeit verlieren und stark abh\u00e4ngig sind, und sollen ihnen helfen, ihre Selbstst\u00e4ndigkeit wiederzuerlangen und ihren Lebenskomfort zu gew\u00e4hrleisten. Sie leistet materielle, moralische, soziale oder gesundheitliche Arbeit, um den Verbleib der pflegebed\u00fcrftigen Person in ihrer h\u00e4uslichen Umgebung zu f\u00f6rdern und ihre Aufnahme in eine Pflege- oder Wohneinrichtung zu verhindern.<\/span><\/div>\n<div><\/div>\n<div class=\"fig-content__chapo\">Lebenshelfer\/innen \u00fcben Funktionen aus, die sich um die Begleitung, Anpassung, Beziehungspflege, Alarmierung und medizinische \u00dcberwachung drehen.<\/div>\n<div><\/div>\n<p>&nbsp;<\/p>\n<ul>\n<li><span style=\"color: #ff0000;\"><strong>Ziele des Lernens<\/strong><\/span><\/li>\n<\/ul>\n<p>Wir begleiten die Praktikantinnen und Praktikanten dabei, eine verantwortungsbewusste und selbstst\u00e4ndige Fachkraft zu werden, die die Berufsethik respektiert und, die sich beruflich weiterentwickeln m\u00f6chte.<\/p>\n<p>Nach Abschluss des Kurses sollte die Sch\u00fclerin\/der Sch\u00fcler in der Lage sein :<\/p>\n<ul>\n<li>Das Merkmal des hohen Alters verstehen<\/li>\n<li>Das t\u00e4gliche Leben der Person durch die Erledigung von Aufgaben erleichtern: Instandhaltung der Wohnung, Ern\u00e4hrung, Einkaufen, Hilfe bei der Einnahme von Mahlzeiten, K\u00f6rperhygiene und -komfort (Kleidung, Betten machen, Ausscheidung...).<\/li>\n<li>die Person moralisch unterst\u00fctzen: aufmerksames Zuh\u00f6ren, gute intellektuelle Kommunikation durch Anregung des Interesses mittels Gesellschaftsspielen, Lesen, Singen, Diskussionen usw.<\/li>\n<li>Abh\u00e4ngigkeit vorbeugen oder verringern<\/li>\n<li>Entwicklung eines beziehungsorientierten Ansatzes im Umgang mit Patienten und Familien<\/li>\n<\/ul>\n<p><span style=\"color: #cc3333;\">Die Abschlusspr\u00fcfung ist bestanden, wenn :<\/span><\/p>\n<p>Der Praktikant erreicht einen Durchschnitt von 4, wenn er die beiden Bewertungsbereiche Berufspraxis und Berufskenntnisse zusammenz\u00e4hlt.<\/p>","protected":false},"excerpt":{"rendered":"<p>Lebenshelferinnen und Lebenshelfer stehen im Dienste von Menschen, die ihre Selbstst\u00e4ndigkeit verlieren und stark abh\u00e4ngig sind, und sollen ihnen helfen, ihre Selbstst\u00e4ndigkeit wiederzuerlangen und ihren Lebenskomfort zu gew\u00e4hrleisten. Sie leistet materielle, moralische, soziale oder gesundheitliche Arbeit, um den Verbleib der pflegebed\u00fcrftigen Person in ihrer h\u00e4uslichen Umgebung zu f\u00f6rdern und ihre Aufnahme in eine Pflege- oder Wohneinrichtung zu verhindern.<\/p>","protected":false},"author":4,"featured_media":522,"parent":61,"menu_order":0,"comment_status":"closed","ping_status":"closed","template":"les-formations.php","meta":{"footnotes":""},"acf":[],"_links":{"self":[{"href":"https:\/\/linea-formation.ch\/de\/wp-json\/wp\/v2\/pages\/467"}],"collection":[{"href":"https:\/\/linea-formation.ch\/de\/wp-json\/wp\/v2\/pages"}],"about":[{"href":"https:\/\/linea-formation.ch\/de\/wp-json\/wp\/v2\/types\/page"}],"author":[{"embeddable":true,"href":"https:\/\/linea-formation.ch\/de\/wp-json\/wp\/v2\/users\/4"}],"replies":[{"embeddable":true,"href":"https:\/\/linea-formation.ch\/de\/wp-json\/wp\/v2\/comments?post=467"}],"version-history":[{"count":43,"href":"https:\/\/linea-formation.ch\/de\/wp-json\/wp\/v2\/pages\/467\/revisions"}],"predecessor-version":[{"id":1891,"href":"https:\/\/linea-formation.ch\/de\/wp-json\/wp\/v2\/pages\/467\/revisions\/1891"}],"up":[{"embeddable":true,"href":"https:\/\/linea-formation.ch\/de\/wp-json\/wp\/v2\/pages\/61"}],"wp:featuredmedia":[{"embeddable":true,"href":"https:\/\/linea-formation.ch\/de\/wp-json\/wp\/v2\/media\/522"}],"wp:attachment":[{"href":"https:\/\/linea-formation.ch\/de\/wp-json\/wp\/v2\/media?parent=467"}],"curies":[{"name":"wp","href":"https:\/\/api.w.org\/{rel}","templated":true}]}}