{"id":450,"date":"2018-08-30T15:23:06","date_gmt":"2018-08-30T13:23:06","guid":{"rendered":"http:\/\/linea-formation.ch\/?page_id=450"},"modified":"2026-03-15T14:30:29","modified_gmt":"2026-03-15T13:30:29","slug":"aide-jardinier","status":"publish","type":"page","link":"https:\/\/linea-formation.ch\/de\/hausmeisterei-bewachung\/gartnerhilfe\/","title":{"rendered":"Gartenhilfe"},"content":{"rendered":"<p><strong><span style=\"color: #cc3333;\">G\u00e4rtnerhelfer \/ G\u00e4rtnerhelferin werden<\/span><\/strong><\/p>\n<p>Der G\u00e4rtnergehilfe ist f\u00fcr die Anlage, Gestaltung und Pflege von Gr\u00fcnfl\u00e4chen im privaten und \u00f6ffentlichen Sektor zust\u00e4ndig. Seine Arbeit richtet sich nach dem Zyklus der Jahreszeiten und umfasst sehr unterschiedliche Aufgaben, von der Aussaat bis zum Beschneiden von Str\u00e4uchern, vom M\u00e4hen bis zur Entsorgung von Gr\u00fcnabf\u00e4llen.<\/p>\n<p><strong><span style=\"color: #cc3333;\">Berufsbeschreibung G\u00e4rtnergehilfin \/ G\u00e4rtnergehilfe<\/span><\/strong><\/p>\n<p>Der Beruf des G\u00e4rtnergehilfen vereint eine Vielzahl von Aufgaben, die dem Rhythmus der Jahreszeiten folgen:<\/p>\n<ul>\n<li>die Vorbereitung des Bodens wie Umgraben und J\u00e4ten<\/li>\n<li>die Aussaat und den Schutz der Anpflanzungen<\/li>\n<li>das Ersetzen der verschiedenen Pflanzen<\/li>\n<li>die Pflege der Oberfl\u00e4chen durch das Hacken der Beete, das Zusammenkehren von Bl\u00e4ttern und das Entfernen von Moos<\/li>\n<li>die Rasenpflege, sei es M\u00e4hen, Behandeln oder Walzen<\/li>\n<li>die Pflege und das Beschneiden von B\u00e4umen und Str\u00e4uchern<\/li>\n<li>die Entbuschung<\/li>\n<li>die Entsorgung und Wiederverwertung von Gr\u00fcnabf\u00e4llen<\/li>\n<li>die Wartung der verwendeten Werkzeuge und Maschinen<\/li>\n<li>Maurerarbeiten wie das Verlegen von Platten, Pflastersteinen oder Bordsteinen<\/li>\n<li>die Einstellung und Wartung des Bew\u00e4sserungssystems<\/li>\n<\/ul>\n<p>Die Aufgaben eines G\u00e4rtnergehilfen variieren je nach Spezialisierung seines Arbeitgebers und k\u00f6nnen dazu f\u00fchren, dass er \u00fcberwiegend Aufgaben im Bereich der Anlage oder Gestaltung von Fl\u00e4chen und G\u00e4rten oder eher Pflegeaufgaben (Bew\u00e4sserung, M\u00e4hen, Freischneiden usw.) \u00fcbernimmt.<\/p>\n<p><strong><span style=\"color: #cc3333;\">Ort und Bedingungen f\u00fcr die Aus\u00fcbung des Berufs G\u00e4rtnergehilfe \/ G\u00e4rtnergehilfin <\/span><\/strong><\/p>\n<p>Der Arbeitgeber des G\u00e4rtners kann ein privates Landschaftsunternehmen, ein Regiebetrieb, eine \u00f6ffentliche K\u00f6rperschaft usw. sein.<br \/>\nSein Vorgesetzter ist in der Regel ein Teamleiter, ein Bauleiter oder ein Unternehmensleiter.<br \/>\nDer G\u00e4rtnergehilfe ist h\u00e4ufig unterwegs und seine T\u00e4tigkeit findet bei jedem Wetter statt, unabh\u00e4ngig davon, ob er auf \u00f6ffentlichen Fl\u00e4chen, in Privatg\u00e4rten oder in Firmeng\u00e4rten arbeitet.<\/p>\n<p>Sie sollten daher eine gute k\u00f6rperliche Verfassung haben und die Arbeit im Freien unabh\u00e4ngig vom Wetter genie\u00dfen.<\/p>\n<p><strong><span style=\"color: #cc3333;\">Qualit\u00e4ten und Kompetenzen eines G\u00e4rtners \/ einer G\u00e4rtnerin<\/span><\/strong><\/p>\n<p>Von einem Gartenhelfer werden verschiedene Arten von Qualit\u00e4ten und F\u00e4higkeiten erwartet<\/p>\n<p>Er muss \u00fcber gute theoretische Kenntnisse der verschiedenen Pflanzen verf\u00fcgen, um die er sich k\u00fcmmert: ihre Arten, ihre Bl\u00fctezeiten, ihre Entwicklung und ihre Pflege. Ein G\u00e4rtnergehilfe beherrscht einige spezielle Fertigkeiten wie Pflanz- oder Begr\u00fcnungsmethoden, Landschaftsmauerwerk und Bew\u00e4sserungssysteme.<br \/>\nSie zeigen eine gute Anpassungsf\u00e4higkeit, um mit sehr unterschiedlichen Baustellen und Bedingungen umzugehen.<br \/>\nEr hat eine Vorliebe f\u00fcr sorgf\u00e4ltige Arbeit und Pr\u00e4zision. Kreativit\u00e4t und Sinn f\u00fcr \u00c4sthetik geh\u00f6ren zu seinen St\u00e4rken.<br \/>\nSie verf\u00fcgen \u00fcber gute soziale Kompetenzen, um sich in ein Team zu integrieren und gute Kundenbeziehungen zu gew\u00e4hrleisten.<br \/>\nSchlie\u00dflich ist die Sensibilit\u00e4t f\u00fcr nachhaltige Entwicklung und andere Umweltprobleme ein echter Pluspunkt, wenn man den Beruf des G\u00e4rtnergehilfen aus\u00fcbt.<\/p>\n<p>&nbsp;<\/p>\n<p>&nbsp;<\/p>\n<p><strong><em>\u00a0<\/em><\/strong><\/p>","protected":false},"excerpt":{"rendered":"<p>Der G\u00e4rtnergehilfe ist f\u00fcr die Anlage, Gestaltung und Pflege von Gr\u00fcnfl\u00e4chen im privaten und \u00f6ffentlichen Sektor zust\u00e4ndig. Seine Arbeit richtet sich nach dem Zyklus der Jahreszeiten und umfasst sehr unterschiedliche Aufgaben, von der Aussaat bis zum Beschneiden von Str\u00e4uchern, vom M\u00e4hen bis zur Entsorgung von Gr\u00fcnabf\u00e4llen. Berufsbeschreibung G\u00e4rtnerhelfer\/in \/ Gartenhelfer\/in<\/p>","protected":false},"author":4,"featured_media":1114,"parent":65,"menu_order":0,"comment_status":"closed","ping_status":"closed","template":"les-formations.php","meta":{"footnotes":""},"acf":[],"_links":{"self":[{"href":"https:\/\/linea-formation.ch\/de\/wp-json\/wp\/v2\/pages\/450"}],"collection":[{"href":"https:\/\/linea-formation.ch\/de\/wp-json\/wp\/v2\/pages"}],"about":[{"href":"https:\/\/linea-formation.ch\/de\/wp-json\/wp\/v2\/types\/page"}],"author":[{"embeddable":true,"href":"https:\/\/linea-formation.ch\/de\/wp-json\/wp\/v2\/users\/4"}],"replies":[{"embeddable":true,"href":"https:\/\/linea-formation.ch\/de\/wp-json\/wp\/v2\/comments?post=450"}],"version-history":[{"count":17,"href":"https:\/\/linea-formation.ch\/de\/wp-json\/wp\/v2\/pages\/450\/revisions"}],"predecessor-version":[{"id":1892,"href":"https:\/\/linea-formation.ch\/de\/wp-json\/wp\/v2\/pages\/450\/revisions\/1892"}],"up":[{"embeddable":true,"href":"https:\/\/linea-formation.ch\/de\/wp-json\/wp\/v2\/pages\/65"}],"wp:featuredmedia":[{"embeddable":true,"href":"https:\/\/linea-formation.ch\/de\/wp-json\/wp\/v2\/media\/1114"}],"wp:attachment":[{"href":"https:\/\/linea-formation.ch\/de\/wp-json\/wp\/v2\/media?parent=450"}],"curies":[{"name":"wp","href":"https:\/\/api.w.org\/{rel}","templated":true}]}}