{"id":279,"date":"2018-08-06T16:23:06","date_gmt":"2018-08-06T14:23:06","guid":{"rendered":"http:\/\/linea-formation.ch\/?page_id=279"},"modified":"2026-04-28T10:44:44","modified_gmt":"2026-04-28T08:44:44","slug":"auxiliaire-en-soins","status":"publish","type":"page","link":"https:\/\/linea-formation.ch\/de\/medizinisch-gesundheitlich-sozial\/pflegehelferin\/","title":{"rendered":"Formation aide soignante Gen\u00e8ve : Obtenez votre dipl\u00f4me d&rsquo;aide soignant-e dispens\u00e9 en pr\u00e9sentiel"},"content":{"rendered":"<h2><span style=\"color: #ff0000; font-size: 14pt;\">Beschreibung<\/span><\/h2>\n<p style=\"text-align: justify;\"><span style=\"font-weight: 400;\">Nehmen Sie an unserer Ausbildung zur Pflegefachkraft in Genf, nur eine Stunde von Lausanne entfernt, teil und erwerben Sie Ihr Diplom als Pflegefachkraft. Unser Lehrgang ist speziell auf diejenigen zugeschnitten, die einen positiven Beitrag zum Leben \u00e4lterer, kranker oder pflegebed\u00fcrftiger Menschen leisten m\u00f6chten, indem sie ihnen in verschiedenen Umgebungen wie Pflegeheimen, Krankenh\u00e4usern oder zu Hause Grundpflegeleistungen erbringen.<\/span><\/p>\n<p><span style=\"font-weight: 400;\">Als Pflegehelfer\/in wenden Sie unter der sorgf\u00e4ltigen Aufsicht des Pflegepersonals professionelle Techniken f\u00fcr das Wohlbefinden der Patienten an. Unser Lehrplan legt einen starken Schwerpunkt auf die Praxis und Theorie der Hygiene- und Komfortpflege sowie der psychosozialen Unterst\u00fctzung, ohne in die medizinische Diagnose oder Behandlung einzugreifen.<\/span><\/p>\n<p><span style=\"font-weight: 400;\">Unsere Ausbildung zum Pflegehelfer in Genf ist vollgepackt mit praktischen und theoretischen Modulen, die es Ihnen erm\u00f6glichen, die F\u00e4higkeiten zu erwerben, die Sie f\u00fcr eine einf\u00fchlsame und effiziente Betreuung der Patienten ben\u00f6tigen. Die praktischen Praktika, die in unseren Ausbildungsweg integriert sind, bieten Ihnen die M\u00f6glichkeit, Ihr Wissen anzuwenden und sich darauf vorzubereiten, mit wertvollen Erfahrungen in die Berufswelt einzutreten.<\/span><\/p>\n<p><span style=\"font-weight: 400;\">Pflegeassistent\/in werden (auch \"Pflegehelfer\/in\" genannt) <\/span><span style=\"font-weight: 400;\">fordert, den Herausforderungen des Gesundheitswesens mit Professionalit\u00e4t und Menschlichkeit zu begegnen. Wenn Sie von dem Wunsch motiviert sind, anderen zu helfen, und eine Karriere im Bereich der pers\u00f6nlichen Pflege in Betracht ziehen, k\u00f6nnte unser Programm das ideale Sprungbrett f\u00fcr Sie sein.<\/span><\/p>\n<h2><span style=\"color: #ff0000;\"><span style=\"font-size: 14pt;\">Quels sont les objectifs de la formation d\u2019aide en soins \u00e0 la personne et accompagnement \u00e0 Gen\u00e8ve ?<\/span> <\/span><\/h2>\n<ol>\n<li style=\"text-align: justify;\">Erwerb oder Vertiefung von Kenntnissen und\/oder beruflichen Kompetenzen des paramedizinischen Personals mit dem Ziel, die Qualit\u00e4t und Sicherheit der Versorgung zu verbessern<\/li>\n<li style=\"text-align: justify;\">Unter Delegation des Pflegepersonals die Grundpflege bei Patienten anwenden<\/li>\n<li style=\"text-align: justify;\">Pr\u00e4senz und Begleitung bei Verlust der Selbstst\u00e4ndigkeit und Abh\u00e4ngigkeit des Patienten gew\u00e4hrleisten<\/li>\n<li style=\"text-align: justify;\">Verstehen und kennen die Merkmale \u00e4lterer Menschen<\/li>\n<li style=\"text-align: justify;\">Einen professionellen Ansatz und eine professionelle Haltung f\u00fcr die Arbeit im medizinisch-sozialen Bereich einnehmen<\/li>\n<\/ol>\n<p style=\"text-align: justify;\"><span style=\"font-weight: 400;\">Nach Abschluss unserer Ausbildung zur Pflege- und Betreuungsassistentin <\/span><span style=\"font-weight: 400;\">um Pflegehelfer\/in zu werden<\/span><span style=\"font-weight: 400;\"> in Genf (in der N\u00e4he von Lausanne) erh\u00e4lt der Praktikant sein Diplom als Pflegehelfer und verf\u00fcgt \u00fcber die beruflichen Kompetenzen, die er ben\u00f6tigt, um die Funktion eines Pflegehelfers f\u00fcr \u00e4ltere Menschen zu erf\u00fcllen.<\/span><\/p>\n<h2><span style=\"color: #ff0000; font-size: 14pt;\">Inhalt :\u00a0<\/span><\/h2>\n<p><strong>A. Partie Th\u00e9orique (120 heures)<\/strong><\/p>\n<ul>\n<li>R\u00f4le de l&rsquo;auxiliaire de soins<\/li>\n<li>Connaissance sur le vieillissement normal et pathologique de la personne \u00e2g\u00e9e<\/li>\n<li>Accompagnement et soins de la personne \u00e2g\u00e9e<\/li>\n<li>Accompagnement dans les actes essentiels du quotidien<\/li>\n<li>Teilnahme an der Umsetzung des individualisierten Projekts<\/li>\n<li>Communication et savoir-\u00eatre professionnel<\/li>\n<li>Etc&#8230;<\/li>\n<\/ul>\n<p><strong>B. Travail pratique en groupe chez Ortra sant\u00e9 social sur 2 jours (16 heures)<\/strong><\/p>\n<p><strong>C. M\u00e9moire et expos\u00e9 (26 heures)<\/strong><\/p>\n<p><strong>D. Stage pratique professionnel dans une structure de soins (160 heures)<\/strong><\/p>\n<p><span style=\"font-weight: 400;\">Das Diplom f\u00fcr Pflegeassistent\/in \/ Pflegehelfer\/in <\/span><span style=\"font-weight: 400;\">in Genf in der N\u00e4he von Lausanne<\/span><span style=\"font-weight: 400;\"> wird ausgestellt, wenn :<\/span><\/p>\n<ul>\n<li style=\"text-align: justify;\"><span style=\"color: #000000;\">Alle Arbeiten wurden erledigt, insbesondere die Erinnerungsarbeit, die geleistet und pr\u00e4sentiert wurde.<\/span><\/li>\n<li style=\"text-align: justify;\"><span style=\"color: #000000;\">Alle Module wurden mindestens mit 80% Pr\u00e4senz durchgef\u00fchrt.<\/span><\/li>\n<li style=\"text-align: justify;\">Die Abschlusspr\u00fcfung wurde absolviert und der Gesamtdurchschnitt muss 4 von 6 Punkten oder mehr betragen.<\/li>\n<\/ul>\n<p>&nbsp;<\/p>","protected":false},"excerpt":{"rendered":"<p>Nehmen Sie an unserer Ausbildung zur Pflegefachkraft in Genf, nur eine Stunde von Lausanne entfernt, teil und erwerben Sie Ihr Diplom als Pflegefachkraft. Unser Lehrgang ist speziell auf diejenigen zugeschnitten, die einen positiven Beitrag zum Leben \u00e4lterer, kranker oder pflegebed\u00fcrftiger Menschen leisten m\u00f6chten, indem sie ihnen in verschiedenen Umgebungen wie Pflegeheimen, Krankenh\u00e4usern oder zu Hause Grundpflegeleistungen erbringen.<\/p>","protected":false},"author":4,"featured_media":54,"parent":61,"menu_order":1,"comment_status":"closed","ping_status":"closed","template":"les-formations.php","meta":{"footnotes":""},"acf":[],"_links":{"self":[{"href":"https:\/\/linea-formation.ch\/de\/wp-json\/wp\/v2\/pages\/279"}],"collection":[{"href":"https:\/\/linea-formation.ch\/de\/wp-json\/wp\/v2\/pages"}],"about":[{"href":"https:\/\/linea-formation.ch\/de\/wp-json\/wp\/v2\/types\/page"}],"author":[{"embeddable":true,"href":"https:\/\/linea-formation.ch\/de\/wp-json\/wp\/v2\/users\/4"}],"replies":[{"embeddable":true,"href":"https:\/\/linea-formation.ch\/de\/wp-json\/wp\/v2\/comments?post=279"}],"version-history":[{"count":179,"href":"https:\/\/linea-formation.ch\/de\/wp-json\/wp\/v2\/pages\/279\/revisions"}],"predecessor-version":[{"id":1900,"href":"https:\/\/linea-formation.ch\/de\/wp-json\/wp\/v2\/pages\/279\/revisions\/1900"}],"up":[{"embeddable":true,"href":"https:\/\/linea-formation.ch\/de\/wp-json\/wp\/v2\/pages\/61"}],"wp:featuredmedia":[{"embeddable":true,"href":"https:\/\/linea-formation.ch\/de\/wp-json\/wp\/v2\/media\/54"}],"wp:attachment":[{"href":"https:\/\/linea-formation.ch\/de\/wp-json\/wp\/v2\/media?parent=279"}],"curies":[{"name":"wp","href":"https:\/\/api.w.org\/{rel}","templated":true}]}}