{"id":202,"date":"2018-08-02T14:49:18","date_gmt":"2018-08-02T12:49:18","guid":{"rendered":"http:\/\/linea-formation.ch\/?page_id=202"},"modified":"2026-03-25T12:24:21","modified_gmt":"2026-03-25T11:24:21","slug":"gardien-ne-dimmeuble-concierge-dimmeuble","status":"publish","type":"page","link":"https:\/\/linea-formation.ch\/de\/hausmeisterei-bewachung\/hausmeister-ne-dimmeuble-concierge-dimmeuble\/","title":{"rendered":"Ausbildung in Concierge-Diensten \/ Hausmeisterdiensten in Genf und Lausanne"},"content":{"rendered":"<p><span style=\"color: #cc3333;\"><strong>PR\u00c4SENTATION<\/strong><\/span><\/p>\n<p style=\"text-align: justify;\">Unsere Ausbildung zum Hausmeister \/ zur Hausmeisterin in Genf (in der N\u00e4he von Lausanne) bildet Sie zum unentbehrlichen Fachmann aus, der f\u00fcr die Einhaltung der Regeln in einem Mehrfamilienhaus oder einer Wohnanlage sorgt.<\/p>\n<p style=\"text-align: justify;\">Der Hausmeister ist ein echter Allrounder und eine vielseitige und dynamische Person, die zahlreiche Aufgaben hat: Er ist f\u00fcr die Instandhaltung der Gemeinschaftsbereiche zust\u00e4ndig, nimmt die Post entgegen und verteilt sie an die einzelnen Briefk\u00e4sten, hat eine Informationsfunktion gegen\u00fcber den Bewohnern oder Bewohnern und vieles mehr. Dank unserer Ausbildung zum Hausmeister werden Sie in der Lage sein, die verschiedenen Anfragen der Bewohner zu bearbeiten und f\u00fcr das reibungslose Funktionieren der Eigentumswohnungen, in denen Sie t\u00e4tig sind, zu sorgen.<\/p>\n<p><span style=\"color: #cc3333;\"><strong>BILDUNGSZIEL<\/strong><\/span><\/p>\n<ul>\n<li>Erwerb der Kompetenzen f\u00fcr den Beruf des Hausmeisters\/der Hausmeisterin - Hausmeisters\/der Hausmeisterin<\/li>\n<\/ul>\n<p>Der Hausmeister wird in der Lage sein, die verschiedenen T\u00e4tigkeiten auszuf\u00fchren, die unter die folgenden Hauptfunktionen fallen:<\/p>\n<ul>\n<li>Reinigung und Pflege der Gemeinschaftsr\u00e4ume<\/li>\n<li>Technische \u00dcberwachung und kleine Wartung<\/li>\n<li>Interventionen in Notfallsituationen (Brandschutz, Defibrillator, Erste Hilfe...)<\/li>\n<li>Die Verwaltung der Ein- und Ausg\u00e4nge von freien Fl\u00e4chen<\/li>\n<li><span style=\"font-family: -apple-system, BlinkMacSystemFont, 'Segoe UI', Roboto, 'Helvetica Neue', Arial, sans-serif, 'Apple Color Emoji', 'Segoe UI Emoji', 'Segoe UI Symbol'; font-size: 1rem;\">Administrative Verwaltung (F\u00fchren verschiedener Informationsinstrumente, Mietverwaltung...)<\/span><\/li>\n<li>Die Verwaltung der Kommunikation im Geb\u00e4ude (Konfliktmanagement, Animation der sozialen Bindung, \"Kunden\"-Beziehung...)<\/li>\n<li><span style=\"font-family: -apple-system, BlinkMacSystemFont, 'Segoe UI', Roboto, 'Helvetica Neue', Arial, sans-serif, 'Apple Color Emoji', 'Segoe UI Emoji', 'Segoe UI Symbol'; font-size: 1rem;\">Die Verwaltung innovativer kollektiver Dienstleistungen (z. B. personenbezogene Dienstleistungen)<\/span><\/li>\n<\/ul>\n<p><span style=\"color: #cc3333;\"><strong>ZIEL DER BILDUNGSMASSNAHME <\/strong><\/span><\/p>\n<p>Der Hausmeister muss sich um die Anliegen der Bewohner der Wohnanlage k\u00fcmmern, f\u00fcr die er zust\u00e4ndig ist. Seine Hauptaufgabe besteht darin, zur Sicherung der Lebensqualit\u00e4t der Bewohner in ihrer Wohnanlage beizutragen. Er sorgt daf\u00fcr, dass die Hausordnung der Eigent\u00fcmergemeinschaft eingehalten wird.<\/p>\n<p>Ihm obliegen mehrere Verantwortlichkeiten, darunter insbesondere die Instandhaltung der Gemeinschaftsr\u00e4ume, die technische Wartung, die Verteilung der Post in die Briefk\u00e4sten, die Entgegennahme von Paketen bei Abwesenheit des Empf\u00e4ngers, der Empfang von Besuchern, die Anwendung der Sicherheitsvorschriften, die M\u00fcllentsorgung und die allgemeine Aufsicht...<\/p>\n<p>Schlie\u00dflich muss man sich den Bewohnern gegen\u00fcber verf\u00fcgbar machen k\u00f6nnen und gleichzeitig diskret bleiben.<\/p>\n<p>Als grundlegendes Bindeglied in der Nachbarschaftsverwaltung spielt er auch eine Rolle in der sozialen Betreuung: Er kann bestimmte Probleme erkennen und Personen in Schwierigkeiten an die zust\u00e4ndigen Stellen verweisen. Dar\u00fcber hinaus kann es sein, dass er bei Nachbarschaftskonflikten eingreifen muss.<\/p>\n<p>Sie werden in der Mietverwaltung (In der Lage sein, die laufende Mietverwaltung (Mietvertrag, Ortsbefund, Mietquittung...) durchzuf\u00fchren und zu erkl\u00e4ren) und in der technischen \u00dcberwachung von Geb\u00e4uden unterrichtet.<\/p>\n<p>Er wird auch einen allgemeinen Unterricht in Franz\u00f6sisch und einen berufsbezogenen Unterricht haben : <em>Wirtschaft, Verwaltung, angewandte Biologie, Technologie, Kommunikation, Hygiene, Sozial- und Arbeitsleben, Sicherheit und sozialmedizinische Wissenschaften.<\/em><\/p>\n<p>Mit unserer Ausbildung zum Hausmeister in Genf werden Sie also dazu angehalten, neue F\u00e4higkeiten zu entwickeln und zu erwerben, um die verschiedenen Aufgaben als Hausmeister erf\u00fcllen zu k\u00f6nnen.<\/p>\n<p><span style=\"color: #cc3333;\"><strong>Die Abschlusspr\u00fcfung ist bestanden, wenn :<\/strong><\/span><\/p>\n<p>Der Praktikant erreicht einen Durchschnitt von 4, wenn er die beiden Bewertungsbereiche Berufspraxis und Berufskenntnisse zusammenz\u00e4hlt.<\/p>","protected":false},"excerpt":{"rendered":"<p>Der Hausmeister muss sich um die Anliegen der Bewohner der Wohnanlage k\u00fcmmern, f\u00fcr die er zust\u00e4ndig ist. Seine Hauptaufgabe besteht darin, zur Sicherung der Lebensqualit\u00e4t der Bewohner in ihrer Wohnanlage beizutragen. Er sorgt daf\u00fcr, dass die Hausordnung der Eigent\u00fcmergemeinschaft eingehalten wird.<\/p>","protected":false},"author":4,"featured_media":339,"parent":65,"menu_order":0,"comment_status":"closed","ping_status":"closed","template":"les-formations.php","meta":{"footnotes":""},"acf":[],"_links":{"self":[{"href":"https:\/\/linea-formation.ch\/de\/wp-json\/wp\/v2\/pages\/202"}],"collection":[{"href":"https:\/\/linea-formation.ch\/de\/wp-json\/wp\/v2\/pages"}],"about":[{"href":"https:\/\/linea-formation.ch\/de\/wp-json\/wp\/v2\/types\/page"}],"author":[{"embeddable":true,"href":"https:\/\/linea-formation.ch\/de\/wp-json\/wp\/v2\/users\/4"}],"replies":[{"embeddable":true,"href":"https:\/\/linea-formation.ch\/de\/wp-json\/wp\/v2\/comments?post=202"}],"version-history":[{"count":61,"href":"https:\/\/linea-formation.ch\/de\/wp-json\/wp\/v2\/pages\/202\/revisions"}],"predecessor-version":[{"id":1894,"href":"https:\/\/linea-formation.ch\/de\/wp-json\/wp\/v2\/pages\/202\/revisions\/1894"}],"up":[{"embeddable":true,"href":"https:\/\/linea-formation.ch\/de\/wp-json\/wp\/v2\/pages\/65"}],"wp:featuredmedia":[{"embeddable":true,"href":"https:\/\/linea-formation.ch\/de\/wp-json\/wp\/v2\/media\/339"}],"wp:attachment":[{"href":"https:\/\/linea-formation.ch\/de\/wp-json\/wp\/v2\/media?parent=202"}],"curies":[{"name":"wp","href":"https:\/\/api.w.org\/{rel}","templated":true}]}}