{"id":153,"date":"2018-08-01T13:52:53","date_gmt":"2018-08-01T11:52:53","guid":{"rendered":"http:\/\/linea-formation.ch\/?page_id=153"},"modified":"2026-03-25T12:33:10","modified_gmt":"2026-03-25T11:33:10","slug":"aide-medicalk","status":"publish","type":"page","link":"https:\/\/linea-formation.ch\/de\/medizinisch-gesundheitlich-sozial\/medicalk-hilfe\/","title":{"rendered":"Formation secr\u00e9taire m\u00e9dical-e \u00e0 Gen\u00e8ve et Lausanne"},"content":{"rendered":"<h2><span style=\"color: #cc3333;\"><strong><span style=\"color: #ff0000; font-size: 14pt;\">Beschreibung<\/span><br \/>\n<\/strong><\/span><\/h2>\n<p><span style=\"font-weight: 400;\">Sie suchen eine Ausbildung zur medizinischen Sekret\u00e4rin in Lausanne oder Genf, die auch als Fernstudium angeboten wird? Unser Programm bereitet Sie darauf vor, \u00c4rzte, Verantwortliche und Personal im medizinischen Bereich zu unterst\u00fctzen, indem Sie die Beziehungspflege und die Verwaltung eines medizinischen Sekretariats \u00fcbernehmen. Sie werden lernen, Patienten zuzuh\u00f6ren, sie zu orientieren und zu beruhigen, auch in heiklen Situationen, und dabei das Berufsgeheimnis zu wahren. Im Mittelpunkt Ihrer Ausbildung stehen die Beherrschung der medizinischen Terminologie und die Genauigkeit bei der Bearbeitung von Akten.<\/span><\/p>\n<p><span style=\"font-weight: 400;\">Im Rahmen unserer Ausbildung zur medizinischen Sekret\u00e4rin\/zum medizinischen Sekret\u00e4r in Genf (in der N\u00e4he von Lausanne) werden Sie dazu angehalten, neue Kompetenzen zu erg\u00e4nzen oder zu erwerben, wie z. B. Organisationstalent, Beziehungsf\u00e4higkeit, Zuh\u00f6ren k\u00f6nnen und eine gewisse Anpassungsf\u00e4higkeit. Diese Elemente sind unerl\u00e4sslich, um alle Ihnen anvertrauten Aufgaben erfolgreich zu erf\u00fcllen. <\/span><span style=\"font-weight: 400;\">nach Abschluss dieser Ausbildung<\/span><span style=\"font-weight: 400;\">.<\/span><\/p>\n<p><span style=\"font-weight: 400;\">Die Ausbildung zur medizinischen Sekret\u00e4rin wird sehr oft mit Frauen in Verbindung gebracht. Bei Lin\u00e9a Formation k\u00f6nnen Sie durchaus unsere Ausbildung zum medizinischen Sekret\u00e4r in Genf, Lausanne oder im Fernstudium absolvieren, wenn Sie ein Mann sind.\u00a0<\/span><\/p>\n<p><span style=\"font-weight: 400;\">Melden Sie sich jetzt f\u00fcr unsere Ausbildung zum\/zur medizinischen Sekret\u00e4r\/in in Lausanne, Genf oder per Fernunterricht an und geben Sie Ihrer Karriere im medizinischen Bereich neuen Schwung. <\/span><span style=\"font-weight: 400;\">Entdecken Sie auch alle unsere Schulungen wie die <\/span><a href=\"https:\/\/linea-formation.ch\/de\/luft\/formation-dassitant-e-administratif-ve-et-dacceuil\/\"><span style=\"font-weight: 400;\">Ausbildung zur Flugbegleiterin<\/span><\/a><span style=\"font-weight: 400;\"> oder die <\/span><a href=\"https:\/\/linea-formation.ch\/de\/medizinisch-gesundheitlich-sozial\/pflegehelferin\/\"><span style=\"font-weight: 400;\">ausbildung hilfe in pflege und begleitung<\/span><\/a><span style=\"font-weight: 400;\">.<\/span><\/p>\n<h2><strong><span style=\"color: #ff0000; font-size: 14pt;\">Ziel der Ausbildung zum\/zur medizinischen Sekret\u00e4r\/in :<\/span><\/strong><\/h2>\n<ul>\n<li>Erwerb der notwendigen Kompetenzen und Perfektionierung der beruflichen Techniken, um die Beziehungs- und Verwaltungsf\u00fchrung eines medizinischen Sekretariats zu gew\u00e4hrleisten.<\/li>\n<li>Sich die medizinische Terminologie aneignen<\/li>\n<li>Kenntnis der Besonderheiten des Sektors (Organisation, Struktur, Finanzierungssystem und Berufsethik)<\/li>\n<li>Die Merkmale von Krankenversicherungen und Tarifstrukturen verinnerlichen<\/li>\n<\/ul>\n<p>Das ausgestellte Diplom berechtigt Sie zur T\u00e4tigkeit bei :<\/p>\n<ul>\n<li>Arztpraxen<\/li>\n<li>Pflegeeinrichtung<\/li>\n<li>Private Klinik<\/li>\n<li>Paramedizinische Praxen<\/li>\n<li>Krankenhaus<\/li>\n<li>EMS<\/li>\n<\/ul>\n<p><span style=\"font-weight: 400;\">Das Ziel unserer Ausbildung zum\/zur medizinischen Sekret\u00e4r\/in in Lausanne, Genf und im Fernstudium ist es, Sie darauf vorzubereiten, ein medizinisches Sekretariat effizient zu f\u00fchren, indem Sie Ihre administrativen und zwischenmenschlichen Kompetenzen entwickeln. Sie werden die medizinische Terminologie beherrschen und Patienten professionell empfangen k\u00f6nnen.<\/span><\/p>\n<h2><span style=\"font-size: 14pt;\"><strong><span style=\"color: #ff0000;\">Hauptaufgaben :<\/span><\/strong><\/span><\/h2>\n<ul>\n<li>Empfang von Patienten (direkt und telefonisch)<\/li>\n<li>Die Planung der Konsultationen (Terminvereinbarung)<\/li>\n<li>Die Verwaltung der Krankenakten (Tippen, Ablage...)<\/li>\n<li>Die Beziehungen zu medizinisch-technischen Diensten oder Krankenh\u00e4usern<\/li>\n<\/ul>\n<h2><span style=\"font-size: 14pt;\"><strong><span style=\"color: #ff0000;\">Inhalt des Bildungsprogramms<\/span><\/strong><\/span><\/h2>\n<p><img fetchpriority=\"high\" decoding=\"async\" class=\"alignleft wp-image-1228\" src=\"https:\/\/linea-formation.ch\/wp-content\/uploads\/2024\/11\/pexels-tessy-agbonome-521343232-19177038-200x300.jpg\" alt=\"ausbildung medizinische sekret\u00e4rin genf\" width=\"210\" height=\"315\" srcset=\"https:\/\/linea-formation.ch\/wp-content\/uploads\/2024\/11\/pexels-tessy-agbonome-521343232-19177038-200x300.jpg 200w, https:\/\/linea-formation.ch\/wp-content\/uploads\/2024\/11\/pexels-tessy-agbonome-521343232-19177038-683x1024.jpg 683w, https:\/\/linea-formation.ch\/wp-content\/uploads\/2024\/11\/pexels-tessy-agbonome-521343232-19177038-768x1152.jpg 768w, https:\/\/linea-formation.ch\/wp-content\/uploads\/2024\/11\/pexels-tessy-agbonome-521343232-19177038-1024x1536.jpg 1024w, https:\/\/linea-formation.ch\/wp-content\/uploads\/2024\/11\/pexels-tessy-agbonome-521343232-19177038-1365x2048.jpg 1365w, https:\/\/linea-formation.ch\/wp-content\/uploads\/2024\/11\/pexels-tessy-agbonome-521343232-19177038-scaled.jpg 1707w\" sizes=\"(max-width: 210px) 100vw, 210px\" \/><strong>Modul 1 &gt; Medizinische Kultur &amp; Gesundheit<\/strong><\/p>\n<ul style=\"list-style-type: circle;\">\n<li>Kenntnis des medizinischen Umfelds<\/li>\n<li>Lernen, Notizen zu machen<\/li>\n<li>Medizinische Gesetzgebung Schweiz<\/li>\n<li>Verst\u00e4ndnis der Rechtschreibung und des medizinischen Vokabulars<\/li>\n<li>Medizinische Terminologie<\/li>\n<li>Anatomie<\/li>\n<li>Pharmakologie<\/li>\n<li>Pathologien<\/li>\n<li>Anwendung und Einhaltung von Hygienevorschriften<\/li>\n<\/ul>\n<p>&nbsp;<\/p>\n<p>&nbsp;<\/p>\n<ul style=\"list-style-type: circle;\">\n<li><strong>Modul 2 &gt; Aufteilung der medizinischen Kosten auf die verschiedenen Akteure des Gesundheitswesens<\/strong><\/li>\n<li>Verwaltung von Honoraren<\/li>\n<li>Verfolgung von Zahlungseing\u00e4ngen<\/li>\n<li>Rechnungsstellung<\/li>\n<li>Verst\u00e4ndnis des Preissystems<\/li>\n<\/ul>\n<p>&nbsp;<\/p>\n<ul style=\"list-style-type: circle;\">\n<li><strong>Modul 3 &gt; Franz\u00f6sisch<\/strong><\/li>\n<\/ul>\n<p>&nbsp;<\/p>\n<ul style=\"list-style-type: circle;\">\n<li><strong>Modul 4 &gt; Techniken zur administrativen Verwaltung der Praxis oder des Pflegedienstes<\/strong><\/li>\n<li>Techniken zur Organisation und Verwaltung einer Arztpraxis<\/li>\n<li><em>Verwaltungs- und B\u00fcromethoden (Zeitmanagement, Planung, Erstellung, Ablage und Archivierung von Briefen und Patientenakten, Organisation einer Veranstaltung, Informations\u00fcbermittlung)<\/em><\/li>\n<\/ul>\n<p>&nbsp;<\/p>\n<ul style=\"list-style-type: circle;\">\n<li><strong>Modul 5 &gt; Administrative Betreuung des Patienten<\/strong><\/li>\n<li>Administrative Betreuung des Patienten <em>(Anlegen und Verwalten von Krankenakten, Verwalten von medizinischen Formularen, Verwalten von Krankenhausaufenthalten, zus\u00e4tzlichen Untersuchungen)<\/em><\/li>\n<\/ul>\n<p>&nbsp;<\/p>\n<ul style=\"list-style-type: circle;\">\n<li><strong>Modul 6 &gt; Empfang &amp; Information des Patienten<\/strong><\/li>\n<li>Schriftliche und m\u00fcndliche Kommunikation in der Arztpraxis<\/li>\n<li>Vermittlung von Informationen und Aufkl\u00e4rung an Patienten <em>(Modalit\u00e4ten oder Orte von Verschreibungen oder zus\u00e4tzlichen Untersuchungen, Organisation von Besuchen und Sprechstunden, Umgang mit Anrufen und speziellen W\u00fcnschen der Patienten; Erl\u00e4uterung der \u00dcbernahme von Arztkosten)<\/em><\/li>\n<\/ul>\n<p>&nbsp;<\/p>\n<ul style=\"list-style-type: circle;\">\n<li><strong>Modul 7 &gt; Erinnerungsarbeit und Expos\u00e9 zum Beruf des medizinischen Sekret\u00e4rs\/der medizinischen Sekret\u00e4rin<\/strong><\/li>\n<\/ul>\n<p>&nbsp;<\/p>\n<ul style=\"list-style-type: circle;\">\n<li><strong>Modul 8 &gt; Berufliches Eintauchen bei einer medizinischen Einrichtung (optional)<\/strong><\/li>\n<li>Arztpraxis<\/li>\n<li>Krankenhaus<\/li>\n<li>Private Klinik<\/li>\n<li>Paramedizinische Praxen<\/li>\n<\/ul>\n<p><img decoding=\"async\" class=\"alignnone wp-image-1256\" src=\"https:\/\/linea-formation.ch\/wp-content\/uploads\/2024\/12\/photo-secretaire-medicale-300x200.jpg\" alt=\"\" width=\"872\" height=\"581\" srcset=\"https:\/\/linea-formation.ch\/wp-content\/uploads\/2024\/12\/photo-secretaire-medicale-300x200.jpg 300w, https:\/\/linea-formation.ch\/wp-content\/uploads\/2024\/12\/photo-secretaire-medicale-768x512.jpg 768w, https:\/\/linea-formation.ch\/wp-content\/uploads\/2024\/12\/photo-secretaire-medicale-1024x682.jpg 1024w, https:\/\/linea-formation.ch\/wp-content\/uploads\/2024\/12\/photo-secretaire-medicale-1536x1024.jpg 1536w, https:\/\/linea-formation.ch\/wp-content\/uploads\/2024\/12\/photo-secretaire-medicale.jpg 2000w\" sizes=\"(max-width: 872px) 100vw, 872px\" \/><\/p>","protected":false},"excerpt":{"rendered":"<p>Mit dem Diplom als medizinische\/r Sekret\u00e4r\/in k\u00f6nnen Sie als medizinische\/r Sekret\u00e4r\/in arbeiten (Arztpraxis, Pflegeeinrichtung, Klinik usw.). Der Beruf des\/der medizinischen Sekret\u00e4rs\/in erfordert zahlreiche Kompetenzen. In der Regel sind Sie f\u00fcr die allgemeine administrative Betreuung der Patienten sowie f\u00fcr die F\u00fchrung des internen Sekretariats zust\u00e4ndig.<\/p>","protected":false},"author":4,"featured_media":520,"parent":61,"menu_order":0,"comment_status":"closed","ping_status":"closed","template":"les-formations.php","meta":{"footnotes":""},"acf":[],"_links":{"self":[{"href":"https:\/\/linea-formation.ch\/de\/wp-json\/wp\/v2\/pages\/153"}],"collection":[{"href":"https:\/\/linea-formation.ch\/de\/wp-json\/wp\/v2\/pages"}],"about":[{"href":"https:\/\/linea-formation.ch\/de\/wp-json\/wp\/v2\/types\/page"}],"author":[{"embeddable":true,"href":"https:\/\/linea-formation.ch\/de\/wp-json\/wp\/v2\/users\/4"}],"replies":[{"embeddable":true,"href":"https:\/\/linea-formation.ch\/de\/wp-json\/wp\/v2\/comments?post=153"}],"version-history":[{"count":58,"href":"https:\/\/linea-formation.ch\/de\/wp-json\/wp\/v2\/pages\/153\/revisions"}],"predecessor-version":[{"id":1897,"href":"https:\/\/linea-formation.ch\/de\/wp-json\/wp\/v2\/pages\/153\/revisions\/1897"}],"up":[{"embeddable":true,"href":"https:\/\/linea-formation.ch\/de\/wp-json\/wp\/v2\/pages\/61"}],"wp:featuredmedia":[{"embeddable":true,"href":"https:\/\/linea-formation.ch\/de\/wp-json\/wp\/v2\/media\/520"}],"wp:attachment":[{"href":"https:\/\/linea-formation.ch\/de\/wp-json\/wp\/v2\/media?parent=153"}],"curies":[{"name":"wp","href":"https:\/\/api.w.org\/{rel}","templated":true}]}}